{"id":379,"date":"2021-05-17T22:35:48","date_gmt":"2021-05-17T22:35:48","guid":{"rendered":"https:\/\/salvettillombart.com\/?page_id=379"},"modified":"2025-10-03T14:34:59","modified_gmt":"2025-10-03T14:34:59","slug":"contacto","status":"publish","type":"page","link":"https:\/\/salvettillombart.com\/es\/contacto\/","title":{"rendered":"Contacta"},"content":{"rendered":"<div class=\"bgMask MarginTop0\" style=\"width: 100%; height: 400px; overflow: hidden; position: absolute; background: rgba(0,0,0,0.5); z-index: 1;\">\r\n<\/div>\r\n<section id=\"newDestacada\" class=\"module ApartadoSliderQuienes\" style=\"background: url(https:\/\/salvettillombart.com\/wp-content\/themes\/twentytwentyone-child\/images\/02.jpg); height: 400px; background-size: cover; background-repeat: no-repeat;\">\r\n\r\n    <div class=\"col-md-12 nopadding\" style=\"z-index: 99!important;color: white!important;\">\r\n        <div class=\"container\">\r\n\r\n\r\n            <div class=\"row multi-columns-row post-columns textCenter\" style=\"margin-top: 85px;\">\r\n\r\n                <!-- Post item start -->\r\n                <div class=\"container\">\r\n                    <div class=\"row\">\r\n                        <div class=\"col-sm-1\"><\/div>\r\n                        <div class=\"col-sm-10\">\r\n\r\n                            <h1 class=\"TituloHomeH1\">\r\n\r\n                                CONTACTA CON NOSOTROS\r\n\r\n                            <\/h1>\r\n                            <p class=\"TituloHomeTexto2\">\r\n\r\n                                Siempre cerca de ti\r\n                            <\/p>\r\n                        <\/div>\r\n                        <div class=\"col-sm-1\"><\/div>\r\n\r\n\r\n\r\n                    <\/div>\r\n                <\/div>\r\n                <!-- Post item end -->\r\n\r\n\r\n            <\/div><!-- .row -->\r\n            <div class=\"clearfix\"><\/div> <br \/>\r\n\r\n        <\/div>\r\n    <\/div>\r\n\r\n<\/section>\r\n\r\n<section id=\"dejanosdatos\" class=\"module\" style=\"background-color: #f2f2f2!important;\">\r\n    <br \/>\r\n    <div class=\"container\">\r\n\r\n        <div class=\"row\">\r\n\r\n            <div class=\"col-sm-8 col-sm-offset-2\">\r\n\r\n                <h2 class=\"TitulosHome\">D\u00c9JANOS TUS DATOS<\/h2>\r\n                <hr style=\"border-top: 1px solid hsl(41, 76%, 59%)!important; margin-top: 20px!important;\r\n    width: 50%;\r\n    margin: 10px auto;\" \/>\r\n                <div class=\"SubTitulosHome\">\r\n                    Empecemos a transformar tus retos en soluciones reales\r\n                <\/div>\r\n                <hr style=\"border-top: 1px solid hsl(41, 76%, 59%)!important;\r\n    width: 50%;\r\n    margin: 10px auto;\" \/>\r\n\r\n                <br \/>\r\n\r\n\r\n            <\/div>\r\n\r\n        <\/div><!-- .row -->\r\n\r\n\r\n\r\n<div class=\"col-md-12 nopadding\">\r\n            \n<div class=\"wpcf7 no-js\" id=\"wpcf7-f522-o1\" lang=\"en-US\" dir=\"ltr\" data-wpcf7-id=\"522\">\n<div class=\"screen-reader-response\"><p role=\"status\" aria-live=\"polite\" aria-atomic=\"true\"><\/p> <ul><\/ul><\/div>\n<form action=\"\/es\/wp-json\/wp\/v2\/pages\/379#wpcf7-f522-o1\" method=\"post\" class=\"wpcf7-form init\" aria-label=\"Contact form\" enctype=\"multipart\/form-data\" novalidate=\"novalidate\" data-status=\"init\">\n<fieldset class=\"hidden-fields-container\"><input type=\"hidden\" name=\"_wpcf7\" value=\"522\" \/><input type=\"hidden\" name=\"_wpcf7_version\" value=\"6.1.2\" \/><input type=\"hidden\" name=\"_wpcf7_locale\" value=\"en_US\" \/><input type=\"hidden\" name=\"_wpcf7_unit_tag\" value=\"wpcf7-f522-o1\" \/><input type=\"hidden\" name=\"_wpcf7_container_post\" value=\"0\" \/><input type=\"hidden\" name=\"_wpcf7_posted_data_hash\" value=\"\" \/><input type=\"hidden\" name=\"_wpcf7cf_hidden_group_fields\" value=\"[]\" \/><input type=\"hidden\" name=\"_wpcf7cf_hidden_groups\" value=\"[]\" \/><input type=\"hidden\" name=\"_wpcf7cf_visible_groups\" value=\"[]\" \/><input type=\"hidden\" name=\"_wpcf7cf_repeaters\" value=\"[]\" \/><input type=\"hidden\" name=\"_wpcf7cf_steps\" value=\"{}\" \/><input type=\"hidden\" name=\"_wpcf7cf_options\" value=\"{&quot;form_id&quot;:522,&quot;conditions&quot;:[{&quot;then_field&quot;:&quot;group-cliente&quot;,&quot;and_rules&quot;:[{&quot;if_field&quot;:&quot;menu-681&quot;,&quot;operator&quot;:&quot;equals&quot;,&quot;if_value&quot;:&quot;Clientes&quot;}]},{&quot;then_field&quot;:&quot;group-bolsa&quot;,&quot;and_rules&quot;:[{&quot;if_field&quot;:&quot;menu-681&quot;,&quot;operator&quot;:&quot;equals&quot;,&quot;if_value&quot;:&quot;Bolsa de trabajo&quot;}]},{&quot;then_field&quot;:&quot;group-encuesta&quot;,&quot;and_rules&quot;:[{&quot;if_field&quot;:&quot;menu-681&quot;,&quot;operator&quot;:&quot;equals&quot;,&quot;if_value&quot;:&quot;P\\u00fablico de opini\\u00f3n&quot;}]},{&quot;then_field&quot;:&quot;group-base1&quot;,&quot;and_rules&quot;:[{&quot;if_field&quot;:&quot;menu-681&quot;,&quot;operator&quot;:&quot;not equals&quot;,&quot;if_value&quot;:&quot;P\\u00fablico de opini\\u00f3n&quot;}]},{&quot;then_field&quot;:&quot;group-base2&quot;,&quot;and_rules&quot;:[{&quot;if_field&quot;:&quot;menu-681&quot;,&quot;operator&quot;:&quot;not equals&quot;,&quot;if_value&quot;:&quot;P\\u00fablico de opini\\u00f3n&quot;}]}],&quot;settings&quot;:{&quot;animation&quot;:&quot;yes&quot;,&quot;animation_intime&quot;:200,&quot;animation_outtime&quot;:200,&quot;conditions_ui&quot;:&quot;normal&quot;,&quot;notice_dismissed&quot;:false}}\" \/>\n<\/fieldset>\n<div class=\"\">\n\t<div class=\"formbox col-md-8 nopadding\" style=\"margin: 0 auto; float: none; \">\n\t\t<div class=\"col-md-12 padbot20\">\n\t\t\t<p><span class=\"wpcf7-form-control-wrap\" data-name=\"menu-681\"><select class=\"wpcf7-form-control wpcf7-select wpcf7-validates-as-required form-control\" id=\"bodycontent_ddlOpciones\" aria-required=\"true\" aria-invalid=\"false\" name=\"menu-681\"><option value=\"Clientes\">Clientes<\/option><option value=\"Bolsa de trabajo\">Bolsa de trabajo<\/option><option value=\"P\u00fablico de opini\u00f3n\">P\u00fablico de opini\u00f3n<\/option><\/select><\/span>\n\t\t\t<\/p>\n\t\t<\/div>\n\t\t<div class=\"clearfix\">\n\t\t<\/div>\n\t\t<div data-id=\"group-base1\" data-orig_data_id=\"group-base1\"  class=\"\" data-class=\"wpcf7cf_group\">\n\t\t\t<div id=\"bodycontent_divNombreApellidos\">\n\t\t\t\t<div class=\"col-md-12 padbot20\">\n\t\t\t\t\t<p><span class=\"wpcf7-form-control-wrap\" data-name=\"Nombreyapellidos\"><input size=\"40\" maxlength=\"400\" class=\"wpcf7-form-control wpcf7-text wpcf7-validates-as-required form-control\" aria-required=\"true\" aria-invalid=\"false\" placeholder=\"Nombre y apellidos\" value=\"\" type=\"text\" name=\"Nombreyapellidos\" \/><\/span>\n\t\t\t\t\t<\/p>\n\t\t\t\t<\/div>\n\t\t\t\t<div class=\"clearfix\">\n\t\t\t\t<\/div>\n\t\t\t<\/div>\n\t\t\t<div id=\"bodycontent_divEmpresa\">\n\t\t\t\t<div class=\"col-md-6 padbot20\">\n\t\t\t\t\t<p><span class=\"wpcf7-form-control-wrap\" data-name=\"email\"><input size=\"40\" maxlength=\"400\" class=\"wpcf7-form-control wpcf7-email wpcf7-validates-as-required wpcf7-text wpcf7-validates-as-email form-control\" aria-required=\"true\" aria-invalid=\"false\" placeholder=\"Email\" value=\"\" type=\"email\" name=\"email\" \/><\/span>\n\t\t\t\t\t<\/p>\n\t\t\t\t<\/div>\n\t\t\t<\/div>\n\t\t\t<div id=\"bodycontent_divEmail\">\n\t\t\t\t<div class=\"col-md-6 padbot20\">\n\t\t\t\t\t<p><span class=\"wpcf7-form-control-wrap\" data-name=\"telefono\"><input size=\"40\" maxlength=\"400\" class=\"wpcf7-form-control wpcf7-text wpcf7-validates-as-required form-control\" aria-required=\"true\" aria-invalid=\"false\" placeholder=\"Tel\u00e9fono\" value=\"\" type=\"text\" name=\"telefono\" \/><\/span>\n\t\t\t\t\t<\/p>\n\t\t\t\t<\/div>\n\t\t\t<\/div>\n\t\t<\/div>\n\t\t<div data-id=\"group-cliente\" data-orig_data_id=\"group-cliente\"  class=\"\" data-class=\"wpcf7cf_group\">\n\t\t\t<div id=\"bodycontent_divTelefono\">\n\t\t\t\t<div class=\"col-md-6 padbot20\">\n\t\t\t\t\t<p><span class=\"wpcf7-form-control-wrap\" data-name=\"empresa\"><input size=\"40\" maxlength=\"400\" class=\"wpcf7-form-control wpcf7-text form-control\" aria-invalid=\"false\" placeholder=\"Empresa\" value=\"\" type=\"text\" name=\"empresa\" \/><\/span>\n\t\t\t\t\t<\/p>\n\t\t\t\t<\/div>\n\t\t\t\t<div class=\"clearfix\">\n\t\t\t\t<\/div>\n\t\t\t<\/div>\n\t\t\t<div class=\"clearfix\">\n\t\t\t<\/div>\n\t\t\t<div id=\"bodycontent_divCuentanosNecesidad\">\n\t\t\t\t<div class=\"col-md-12 padbot20\">\n\t\t\t\t\t<p><span class=\"wpcf7-form-control-wrap\" data-name=\"comentarios\"><textarea cols=\"40\" rows=\"10\" maxlength=\"2000\" class=\"wpcf7-form-control wpcf7-textarea form-control\" aria-invalid=\"false\" placeholder=\"\u00bfQuieres informaci\u00f3n para contratar alg\u00fan proyecto con nosotros?\" name=\"comentarios\"><\/textarea><\/span>\n\t\t\t\t\t<\/p>\n\t\t\t\t<\/div>\n\t\t\t\t<div class=\"clearfix\">\n\t\t\t\t<\/div>\n\t\t\t<\/div>\n\t\t<\/div>\n\t\t<div data-id=\"group-bolsa\" data-orig_data_id=\"group-bolsa\"  class=\"\" data-class=\"wpcf7cf_group\">\n\t\t\t<div id=\"bodycontent_divImagen\">\n\t\t\t\t<div class=\"col-md-6 padbot20\">\n\t\t\t\t\t<p><span style=\"padding-left: 15px; color: rgb(122, 122, 122); font-size: 16px;\">Adjunta tu CV<\/span>\n\t\t\t\t\t<\/p>\n\t\t\t\t<\/div>\n\t\t\t\t<div class=\"col-md-6 \" style=\"margin-bottom: 20px; height: 22px;\">\n\t\t\t\t\t<p><span class=\"wpcf7-form-control-wrap\" data-name=\"file-909\"><input size=\"40\" class=\"wpcf7-form-control wpcf7-file SeleccionarImagenMovil\" accept=\".pdf,.word\" aria-invalid=\"false\" type=\"file\" name=\"file-909\" \/><\/span>\n\t\t\t\t\t<\/p>\n\t\t\t\t\t<div class=\"clearfix\">\n\t\t\t\t\t<\/div>\n\t\t\t\t<\/div>\n\t\t\t\t<div class=\"clearfix\">\n\t\t\t\t<\/div>\n\t\t\t\t<div id=\"bodycontent_divCuentanosNecesidad\">\n\t\t\t\t\t<div class=\"col-md-12 padbot20\">\n\t\t\t\t\t\t<p><span class=\"wpcf7-form-control-wrap\" data-name=\"comentarios2\"><textarea cols=\"40\" rows=\"10\" maxlength=\"2000\" class=\"wpcf7-form-control wpcf7-textarea form-control\" aria-invalid=\"false\" placeholder=\"Cu\u00e9ntanos por qu\u00e9 te gustar\u00eda trabajar con nosotros\" name=\"comentarios2\"><\/textarea><\/span>\n\t\t\t\t\t\t<\/p>\n\t\t\t\t\t<\/div>\n\t\t\t\t\t<div class=\"clearfix\">\n\t\t\t\t\t<\/div>\n\t\t\t\t<\/div>\n\t\t\t<\/div>\n\t\t<\/div>\n\t\t<div data-id=\"group-base2\" data-orig_data_id=\"group-base2\"  class=\"\" data-class=\"wpcf7cf_group\">\n\t\t\t<div id=\"bodycontent_divEnviar\">\n\t\t\t\t<div class=\"col-md-10\" style=\"font-size: 16px!important;\">\n\t\t\t\t\t<p><span class=\"wpcf7-form-control-wrap\" data-name=\"acceptance-716\"><span class=\"wpcf7-form-control wpcf7-acceptance\"><span class=\"wpcf7-list-item\"><label><input type=\"checkbox\" name=\"acceptance-716\" value=\"1\" aria-invalid=\"false\" \/><span class=\"wpcf7-list-item-label\">Acepto la <a href=\"\/es\/politica-privacidad\/\">Pol\u00edtica de privacidad<\/a> de Salvetti Llombart y permito que Salvetti Llombart me env\u00ede sus comunicaciones. .<\/span><\/label><\/span><\/span><\/span>\n\t\t\t\t\t<\/p>\n\t\t\t\t<\/div>\n\t\t\t\t<div class=\"col-md-2 \" style=\"float:right;font-size: 16px!important;\">\n\t\t\t\t\t<p><input class=\"wpcf7-form-control wpcf7-submit has-spinner btnEnviar\" type=\"submit\" value=\"ENVIAR\" \/>\n\t\t\t\t\t<\/p>\n\t\t\t\t<\/div>\n\t\t\t\t<div class=\"clearfix\">\n\t\t\t\t<\/div>\n\t\t\t<\/div>\n\t\t<\/div>\n\t\t<div data-id=\"group-encuesta\" data-orig_data_id=\"group-encuesta\"  class=\"\" data-class=\"wpcf7cf_group\">\n\t\t\t<div id=\"bodycontent_divEncueston\" class=\"col-md-12\">\n\t\t\t\t<div class=\"col-md-12 padbot20\" style=\"padding: 20px; border: 1px solid #015aff; background-color: white;\">\n\t\t\t\t\t<div class=\"col-md-4\">\n\t\t\t\t\t\t<p><img decoding=\"async\" src=\"\/wp-content\/themes\/twentytwentyone-child\/images\/logo_enc_simbol_icon.png\" \/>\n\t\t\t\t\t\t<\/p>\n\t\t\t\t\t<\/div>\n\t\t\t\t\t<div class=\"col-md-12\" style=\"font-size: 25px; position: relative; margin-top: -40px;  text-align:center;\">\n\t\t\t\t\t\t<p style=\"line-height: 35px!important;\"><br \/>\nSi quieres formar parte<br \/>\nde nuestro p\u00fablico de opini\u00f3n,\n\t\t\t\t\t\t<\/p>\n\t\t\t\t\t\t<p>entra en, <a style=\"color: #434343; font-family:'Brandom Bold'!Important;\" href=\"https:\/\/www.encueston.com\/\">www.encuest\u00f3n.com<\/a>\n\t\t\t\t\t\t<\/p>\n\t\t\t\t\t<\/div>\n\t\t\t\t\t<div class=\"clearfix\">\n\t\t\t\t\t<\/div>\n\t\t\t\t\t<div class=\"col-md-12\" style=\"text-align: center;\">\n\t\t\t\t\t\t<p><a target=\"_blank\" href=\"https:\/\/www.encueston.com\/registrate\" style=\"padding: 10px 40px; background-color: #015aff; color: white; font-size: 20px;\">REG\u00cdSTRATE<\/a>\n\t\t\t\t\t\t<\/p>\n\t\t\t\t\t<\/div>\n\t\t\t\t\t<div class=\"clearfix\">\n\t\t\t\t\t<\/div>\n\t\t\t\t<\/div>\n\t\t\t\t<div class=\"clearfix\">\n\t\t\t\t<\/div>\n\t\t\t<\/div>\n\t\t<\/div>\n\t<\/div>\n<\/div><p style=\"display: none !important;\" class=\"akismet-fields-container\" data-prefix=\"_wpcf7_ak_\"><label>&#916;<textarea name=\"_wpcf7_ak_hp_textarea\" cols=\"45\" rows=\"8\" maxlength=\"100\"><\/textarea><\/label><input type=\"hidden\" id=\"ak_js_1\" name=\"_wpcf7_ak_js\" value=\"36\"\/><script>document.getElementById( \"ak_js_1\" ).setAttribute( \"value\", ( new Date() ).getTime() );<\/script><\/p><div class=\"wpcf7-response-output\" aria-hidden=\"true\"><\/div>\n<\/form>\n<\/div>\n\r\n\r\n<\/div>\r\n\r\n\r\n\r\n    <\/div>\r\n<\/section>\r\n\r\n\r\n<section id=\"textosquienessomos\" class=\"module\" style=\"padding: 80px 0 80px 0!important;\">\r\n    <div class=\"container\">\r\n        <div class=\"col-md-12 nopadding\">\r\n            <div class=\"col-md-4 col-sm-6 col-xs-12 \" style=\"text-align: center; \">\r\n                <div class=\"col-md-12 cajaamarillaContacto\">\r\n\r\n                    <p class=\"contactotexto1\"> <i class=\"fa fa-map-marker\"\r\n                            style=\"color: hsl(41, 76%, 59%)!important;\"><\/i>BARCELONA<\/p>\r\n                    <p class=\"contactotexto2\">C\/ Rossell\u00f3 188, entresuelo, 08008 <\/p>\r\n                    <p class=\"contactotexto3\">+34 933 017 467<\/p>\r\n                    <p class=\"contactotexto5\"><a href=\"mailto:info@salvettillombart.com\">info@salvettillombart.com<\/a>\r\n                    <\/p>\r\n                <\/div>\r\n            <\/div>\r\n\r\n            <div class=\"col-md-8 col-sm-6 col-xs-12 \" style=\"text-align: center; \">\r\n                <section id=\"map-section2\" style=\"padding: 0px 0 80px 0!important;\">\r\n                    <div id=\"map2\" style=\"height: 265px;\">\r\n                        <iframe\r\n                            src=\"https:\/\/www.google.com\/maps\/embed?pb=!1m18!1m12!1m3!1d2993.1441666824703!2d2.154763851023831!3d41.392675403528465!2m3!1f0!2f0!3f0!3m2!1i1024!2i768!4f13.1!3m3!1m2!1s0x12a4987d0b791047%3A0xdb3bbaf92ee06244!2sSalvetti%20%26%20Llombart!5e0!3m2!1sen!2ses!4v1622116111029!5m2!1sen!2ses\"\r\n                            width=\"600\" height=\"265\" style=\"border:0;\" allowfullscreen=\"\" loading=\"lazy\"><\/iframe>\r\n                    <\/div>\r\n                <\/section>\r\n            <\/div>\r\n        <\/div>\r\n\r\n        <div class=\"col-md-12 nopadding\">\r\n            <div class=\"col-md-4 col-sm-6 col-xs-12 \" style=\"text-align: center; \">\r\n                <div class=\"col-md-12 cajaamarillaContacto\">\r\n\r\n                    <p class=\"contactotexto1\"> <i class=\"fa fa-map-marker\"\r\n                            style=\"color: hsl(41, 76%, 59%)!important;\"><\/i>MADRID<\/p>\r\n                    <p class=\"contactotexto2\">C\/ Orense 11, 7\u00aa planta, 28020<\/p>\r\n                    <p class=\"contactotexto3\">+34 933 017 467<\/p>\r\n                    <p class=\"contactotexto5\"><a href=\"mailto:info@salvettillombart.com\">info@salvettillombart.com<\/a>\r\n                    <\/p>\r\n                <\/div>\r\n            <\/div>\r\n\r\n            <div class=\"col-md-8 col-sm-6 col-xs-12 \" style=\"text-align: center; \">\r\n                <section id=\"map-section2\" style=\"padding: 0px 0 80px 0!important;\">\r\n                    <div id=\"map2\" style=\"height: 265px;\">\r\n<iframe src=\"https:\/\/www.google.com\/maps\/embed?pb=!1m18!1m12!1m3!1d3035.2091421778923!2d-3.6952367298785136!3d40.451828269589626!2m3!1f0!2f0!3f0!3m2!1i1024!2i768!4f13.1!3m3!1m2!1s0xd4228fb844d0a81%3A0xe9331f6b0b1696e!2sC.%20de%20Orense%2C%2011%2C%20Tetu%C3%A1n%2C%2028020%20Madrid!5e0!3m2!1sca!2ses!4v1759397035577!5m2!1sca!2ses\" width=\"600\" height=\"265\" style=\"border:0;\" allowfullscreen=\"\" loading=\"lazy\" referrerpolicy=\"no-referrer-when-downgrade\"><\/iframe>\r\n                        \r\n                    <\/div>\r\n                <\/section>\r\n            <\/div>\r\n        <\/div>\r\n    <\/div>\r\n<\/section>\r\n<\/div>\r\n","protected":false},"excerpt":{"rendered":"<p>CONTACTA CON NOSOTROS Siempre cerca de ti D\u00c9JANOS TUS DATOS Empecemos a transformar tus retos en soluciones reales BARCELONA C\/ Rossell\u00f3 188, entresuelo, 08008 +34 933 017 467 info@salvettillombart.com MADRID C\/ Orense 11, 7\u00aa planta, 28020 +34 933 017 467 info@salvettillombart.com<\/p>\n","protected":false},"author":1,"featured_media":0,"parent":0,"menu_order":0,"comment_status":"closed","ping_status":"closed","template":"","meta":{"footnotes":""},"class_list":["post-379","page","type-page","status-publish","hentry","entry"],"yoast_head":"<!-- This site is optimized with the Yoast SEO plugin v26.0 - https:\/\/yoast.com\/wordpress\/plugins\/seo\/ -->\n<title>Contacta - Salvetti Llombart<\/title>\n<meta name=\"robots\" content=\"index, follow, max-snippet:-1, max-image-preview:large, max-video-preview:-1\" \/>\n<link rel=\"canonical\" href=\"https:\/\/salvettillombart.com\/es\/contacto\/\" \/>\n<meta property=\"og:locale\" content=\"es_ES\" \/>\n<meta property=\"og:type\" content=\"article\" \/>\n<meta property=\"og:title\" content=\"Contacta - Salvetti Llombart\" \/>\n<meta property=\"og:description\" content=\"CONTACTA CON NOSOTROS Siempre cerca de ti D\u00c9JANOS TUS DATOS Empecemos a transformar tus retos en soluciones reales BARCELONA C\/ Rossell\u00f3 188, entresuelo, 08008 +34 933 017 467 info@salvettillombart.com MADRID C\/ Orense 11, 7\u00aa planta, 28020 +34 933 017 467 info@salvettillombart.com\" \/>\n<meta property=\"og:url\" content=\"https:\/\/salvettillombart.com\/es\/contacto\/\" \/>\n<meta property=\"og:site_name\" content=\"Salvetti Llombart\" \/>\n<meta property=\"article:publisher\" content=\"https:\/\/www.linkedin.com\/company\/salvetti%26llombart\" \/>\n<meta property=\"article:modified_time\" content=\"2025-10-03T14:34:59+00:00\" \/>\n<meta name=\"twitter:card\" content=\"summary_large_image\" \/>\n<meta name=\"twitter:label1\" content=\"Tiempo de lectura\" \/>\n\t<meta name=\"twitter:data1\" content=\"1 minuto\" \/>\n<script type=\"application\/ld+json\" class=\"yoast-schema-graph\">{\"@context\":\"https:\/\/schema.org\",\"@graph\":[{\"@type\":\"WebPage\",\"@id\":\"https:\/\/salvettillombart.com\/es\/contacto\/\",\"url\":\"https:\/\/salvettillombart.com\/es\/contacto\/\",\"name\":\"Contacta - Salvetti Llombart\",\"isPartOf\":{\"@id\":\"https:\/\/salvettillombart.com\/es\/#website\"},\"datePublished\":\"2021-05-17T22:35:48+00:00\",\"dateModified\":\"2025-10-03T14:34:59+00:00\",\"breadcrumb\":{\"@id\":\"https:\/\/salvettillombart.com\/es\/contacto\/#breadcrumb\"},\"inLanguage\":\"es\",\"potentialAction\":[{\"@type\":\"ReadAction\",\"target\":[\"https:\/\/salvettillombart.com\/es\/contacto\/\"]}]},{\"@type\":\"BreadcrumbList\",\"@id\":\"https:\/\/salvettillombart.com\/es\/contacto\/#breadcrumb\",\"itemListElement\":[{\"@type\":\"ListItem\",\"position\":1,\"name\":\"Home\",\"item\":\"https:\/\/salvettillombart.com\/es\/\"},{\"@type\":\"ListItem\",\"position\":2,\"name\":\"Contacta\"}]},{\"@type\":\"WebSite\",\"@id\":\"https:\/\/salvettillombart.com\/es\/#website\",\"url\":\"https:\/\/salvettillombart.com\/es\/\",\"name\":\"Salvetti Llombart\",\"description\":\"Inspiring changes\",\"publisher\":{\"@id\":\"https:\/\/salvettillombart.com\/es\/#organization\"},\"potentialAction\":[{\"@type\":\"SearchAction\",\"target\":{\"@type\":\"EntryPoint\",\"urlTemplate\":\"https:\/\/salvettillombart.com\/es\/?s={search_term_string}\"},\"query-input\":{\"@type\":\"PropertyValueSpecification\",\"valueRequired\":true,\"valueName\":\"search_term_string\"}}],\"inLanguage\":\"es\"},{\"@type\":\"Organization\",\"@id\":\"https:\/\/salvettillombart.com\/es\/#organization\",\"name\":\"Salvetti Llombart\",\"url\":\"https:\/\/salvettillombart.com\/es\/\",\"logo\":{\"@type\":\"ImageObject\",\"inLanguage\":\"es\",\"@id\":\"https:\/\/salvettillombart.com\/es\/#\/schema\/logo\/image\/\",\"url\":\"https:\/\/salvettillombart.com\/wp-content\/uploads\/2025\/09\/logo-salvetti.png\",\"contentUrl\":\"https:\/\/salvettillombart.com\/wp-content\/uploads\/2025\/09\/logo-salvetti.png\",\"width\":516,\"height\":125,\"caption\":\"Salvetti Llombart\"},\"image\":{\"@id\":\"https:\/\/salvettillombart.com\/es\/#\/schema\/logo\/image\/\"},\"sameAs\":[\"https:\/\/www.linkedin.com\/company\/salvetti&llombart\"]}]}<\/script>\n<!-- \/ Yoast SEO plugin. -->","yoast_head_json":{"title":"Contacta - Salvetti Llombart","robots":{"index":"index","follow":"follow","max-snippet":"max-snippet:-1","max-image-preview":"max-image-preview:large","max-video-preview":"max-video-preview:-1"},"canonical":"https:\/\/salvettillombart.com\/es\/contacto\/","og_locale":"es_ES","og_type":"article","og_title":"Contacta - Salvetti Llombart","og_description":"CONTACTA CON NOSOTROS Siempre cerca de ti D\u00c9JANOS TUS DATOS Empecemos a transformar tus retos en soluciones reales BARCELONA C\/ Rossell\u00f3 188, entresuelo, 08008 +34 933 017 467 info@salvettillombart.com MADRID C\/ Orense 11, 7\u00aa planta, 28020 +34 933 017 467 info@salvettillombart.com","og_url":"https:\/\/salvettillombart.com\/es\/contacto\/","og_site_name":"Salvetti Llombart","article_publisher":"https:\/\/www.linkedin.com\/company\/salvetti%26llombart","article_modified_time":"2025-10-03T14:34:59+00:00","twitter_card":"summary_large_image","twitter_misc":{"Tiempo de lectura":"1 minuto"},"schema":{"@context":"https:\/\/schema.org","@graph":[{"@type":"WebPage","@id":"https:\/\/salvettillombart.com\/es\/contacto\/","url":"https:\/\/salvettillombart.com\/es\/contacto\/","name":"Contacta - Salvetti Llombart","isPartOf":{"@id":"https:\/\/salvettillombart.com\/es\/#website"},"datePublished":"2021-05-17T22:35:48+00:00","dateModified":"2025-10-03T14:34:59+00:00","breadcrumb":{"@id":"https:\/\/salvettillombart.com\/es\/contacto\/#breadcrumb"},"inLanguage":"es","potentialAction":[{"@type":"ReadAction","target":["https:\/\/salvettillombart.com\/es\/contacto\/"]}]},{"@type":"BreadcrumbList","@id":"https:\/\/salvettillombart.com\/es\/contacto\/#breadcrumb","itemListElement":[{"@type":"ListItem","position":1,"name":"Home","item":"https:\/\/salvettillombart.com\/es\/"},{"@type":"ListItem","position":2,"name":"Contacta"}]},{"@type":"WebSite","@id":"https:\/\/salvettillombart.com\/es\/#website","url":"https:\/\/salvettillombart.com\/es\/","name":"Salvetti Llombart","description":"Inspiring changes","publisher":{"@id":"https:\/\/salvettillombart.com\/es\/#organization"},"potentialAction":[{"@type":"SearchAction","target":{"@type":"EntryPoint","urlTemplate":"https:\/\/salvettillombart.com\/es\/?s={search_term_string}"},"query-input":{"@type":"PropertyValueSpecification","valueRequired":true,"valueName":"search_term_string"}}],"inLanguage":"es"},{"@type":"Organization","@id":"https:\/\/salvettillombart.com\/es\/#organization","name":"Salvetti Llombart","url":"https:\/\/salvettillombart.com\/es\/","logo":{"@type":"ImageObject","inLanguage":"es","@id":"https:\/\/salvettillombart.com\/es\/#\/schema\/logo\/image\/","url":"https:\/\/salvettillombart.com\/wp-content\/uploads\/2025\/09\/logo-salvetti.png","contentUrl":"https:\/\/salvettillombart.com\/wp-content\/uploads\/2025\/09\/logo-salvetti.png","width":516,"height":125,"caption":"Salvetti Llombart"},"image":{"@id":"https:\/\/salvettillombart.com\/es\/#\/schema\/logo\/image\/"},"sameAs":["https:\/\/www.linkedin.com\/company\/salvetti&llombart"]}]}},"_links":{"self":[{"href":"https:\/\/salvettillombart.com\/es\/wp-json\/wp\/v2\/pages\/379","targetHints":{"allow":["GET"]}}],"collection":[{"href":"https:\/\/salvettillombart.com\/es\/wp-json\/wp\/v2\/pages"}],"about":[{"href":"https:\/\/salvettillombart.com\/es\/wp-json\/wp\/v2\/types\/page"}],"author":[{"embeddable":true,"href":"https:\/\/salvettillombart.com\/es\/wp-json\/wp\/v2\/users\/1"}],"replies":[{"embeddable":true,"href":"https:\/\/salvettillombart.com\/es\/wp-json\/wp\/v2\/comments?post=379"}],"version-history":[{"count":19,"href":"https:\/\/salvettillombart.com\/es\/wp-json\/wp\/v2\/pages\/379\/revisions"}],"predecessor-version":[{"id":894,"href":"https:\/\/salvettillombart.com\/es\/wp-json\/wp\/v2\/pages\/379\/revisions\/894"}],"wp:attachment":[{"href":"https:\/\/salvettillombart.com\/es\/wp-json\/wp\/v2\/media?parent=379"}],"curies":[{"name":"wp","href":"https:\/\/api.w.org\/{rel}","templated":true}]}}