{"id":383,"date":"2021-03-19T14:33:32","date_gmt":"2021-03-19T14:33:32","guid":{"rendered":"https:\/\/salvettillombart.com\/?page_id=383"},"modified":"2024-10-28T10:17:56","modified_gmt":"2024-10-28T10:17:56","slug":"aviso-legal","status":"publish","type":"page","link":"https:\/\/salvettillombart.com\/es\/aviso-legal\/","title":{"rendered":"Aviso legal"},"content":{"rendered":"<div class=\"container legal\">\r\n        <br>\r\n        <br>\r\n       <h1 class=\"TituloHomeH1\">AVISO LEGAL<\/h1>\r\n\r\n        <br>\r\n        <p class=\"TitulosHome\">\r\n           INFORMACI\u00d3N LEGAL LSSIYCE\r\n        <\/p>\r\n\r\n        <p class=\"textosterminos\">\r\n    De acuerdo con las obligaciones previstas en la Ley 34\/2002, de servicios de la Sociedad de la Informaci\u00f3n y del comercio electr\u00f3nico (en adelante LSSIYCE), SALVETTI &amp; LLOMBART, SL manifiesta que el dominio www.salvettillombart.com es propiedad de SALVETTI &amp; LLOMBART, SL, con CIF B61220521, y domicilio en C\/ Rossell\u00f3 188, entresuelo 08008 BARCELONA  (BARCELONA ) y correo electr\u00f3nico info@salvettillombart.com.com\r\n        <\/p>\r\n\r\n             <p class=\"textosterminos\">\r\n                 Que SALVETTI &amp; LLOMBART, SL consta inscrita en el Registro Mercantil de Barcelona, en el tomo 29.399, folio 161, hoja B-149-448.\r\n                 <\/p>\r\n\r\n\r\n\t\t\t\t  <p class=\"TitulosHome\">\r\n          PROTECCI\u00d3N DE DATOS\r\n        <\/p>\r\n\t\t\r\n\t\t <p class=\"textosterminos\">\r\n\t\t De conformidad con la normativa de protecci\u00f3n de datos, le informamos que los datos que nos pueda facilitar a trav\u00e9s del formulario de contacto existente en la web ser\u00e1n tratados e incorporados en el fichero de contacto responsabilidad de SALVETTI &amp; LLOMBART.\r\n\t\t <\/p>\r\n\t\t\r\n\t\t <p class=\"textosterminos\">\r\n\t\t \r\n\t\t La finalidad de este tratamiento es la de atender su petici\u00f3n y darle respuesta. Estos datos no ser\u00e1n transmitidos a terceras personas y ser\u00e1n conservados hasta la respuesta de su petici\u00f3n.\r\n\t\t <\/p>\r\n\t\t \r\n\t\t \r\n\t\t <p class=\"textosterminos\">\r\n\t\t En cualquier caso, podr\u00e1 indicar la revocaci\u00f3n del consentimiento dado, as\u00ed como ejercitar los derechos de acceso, rectificaci\u00f3n o supresi\u00f3n, la limitaci\u00f3n del tratamiento o oponer-se, as\u00ed como el derecho a la portabilidad de los datos. Estas peticiones deber\u00e1n realizarse en   C\/ Rossell\u00f3 188, entresuelo 08008 BARCELONA  (BARCELONA ) o info@salvettillombart.com\r\n\t\t \r\n\t\t <\/p>\r\n\t\t \r\n\t\t <p class=\"textosterminos\">\r\n\t\t As\u00ed  mismo,  tambi\u00e9n podr\u00e1 presentar una reclamaci\u00f3n ante la Agencia Espa\u00f1ola de Protecci\u00f3n de datos, o ponerse en contacto para resolver sus dudas con el delegado de protecci\u00f3n de datos de esta entidad en el correo dpd@salvettillombart.com\r\n\t\t <\/p>\r\n\r\n            <p class=\"TitulosHome\">\r\n           Propiedad intelectual\r\n        <\/p>\r\n              <p class=\"textosterminos\">\r\n                  Los contenidos suministrados por SALVETTI &amp; LLOMBART, SL est\u00e1n sujetos a los derechos de propiedad intelectual e industrial y son titularidad exclusiva de SALVETTI &amp; LLOMBART, SL o de las personas f\u00edsicas o jur\u00eddicas que se informe. Mediante la adquisici\u00f3n de un producto o servicio, SALVETTI &amp; LLOMBART, SL no confiere al adquirente ning\u00fan derecho de alteraci\u00f3n, explotaci\u00f3n, reproducci\u00f3n, distribuci\u00f3n o comunicaci\u00f3n p\u00fablica sobre el mismo, reserv\u00e1ndose SALVETTI &amp; LLOMBART, SL todos estos derechos. La cesi\u00f3n de los citados derechos precisar\u00e1 el previo consentimiento por escrito por parte del titular de los mismos, de manera que el cliente no podr\u00e1 poner a disposici\u00f3n de terceras personas dichos contenidos.\r\n                 <\/p>\r\n              <p class=\"textosterminos\">\r\n                  La propiedad intelectual se extiende, adem\u00e1s del contenido incluido en SALVETTI &amp; LLOMBART, SL, a sus gr\u00e1ficos, logotipos, dise\u00f1o, im\u00e1genes y c\u00f3digo fuente utilizado para su programaci\u00f3n.\r\n                 <\/p>\r\n              <p class=\"textosterminos\">\r\n                  SALVETTI &amp; LLOMBART, SL ha obtenido la Informaci\u00f3n y los materiales incluidos en la web de fuentes consideradas como fiables y, si bien se han tomado medidas razonables para asegurarse de que la informaci\u00f3n contenida sea la correcta, SALVETTI &amp; LLOMBART, SL no puede garantizar que en todo momento y circunstancia sea exacta, completa, actualizada y, consecuentemente, no debe confiarse en ella como si lo fuera. SALVETTI &amp; LLOMBART, SL declina expresamente cualquier responsabilidad por error u omisi\u00f3n en la Informaci\u00f3n contenida en las p\u00e1ginas de esta web.\r\n                 <\/p>\r\n              <p class=\"textosterminos\">\r\n                  SALVETTI &amp; LLOMBART, SL se reserva la facultad de modificar, suspender, cancelar o restringir el contenido de la web, los v\u00ednculos o la informaci\u00f3n obtenida a trav\u00e9s de ella, sin necesidad de previo aviso. \u00c9sta, en ning\u00fan caso, asume responsabilidad como consecuencia de la incorrecta utilizaci\u00f3n de la web que pueda llevar a cabo el USUARIO, tanto de la informaci\u00f3n como de los servicios en ella contenidos.\r\n                 <\/p>\r\n              <p class=\"textosterminos\">\r\nEn ning\u00fan caso SALVETTI &amp; LLOMBART, SL, sus sucursales y\/o centros de trabajo, sus directores y\/o apoderados, empleados y, en general, el personal autorizado ser\u00e1n responsables de cualquier tipo de perjuicio, p\u00e9rdidas, reclamaciones o gastos de ning\u00fan tipo, tanto si proceden, directa o indirectamente del uso y\/o difusi\u00f3n de la web como si no, de la Informaci\u00f3n adquirida o accedida por o a trav\u00e9s de \u00e9sta, o de sus virus inform\u00e1ticos, de fallos operativos o de interrupciones en el servicio o transmisi\u00f3n o de fallos en la l\u00ednea en el uso de la web, tanto por conexi\u00f3n directa como por v\u00ednculo u otro medio, constituyendo a todos los efectos legales un aviso a cualquier USUARIO de que estas posibilidades y eventos pueden ocurrir.\r\n                 <\/p>\r\n        <p class=\"textosterminos\">\r\n\r\n            SALVETTI &amp; LLOMBART, SL no se hace responsable de las webs no propias a los que se puede acceder mediante v\u00ednculos o enlaces (\u00ablinks\u00bb) o de cualquier contenido puesto a disposici\u00f3n de terceros. Cualquier uso de un v\u00ednculo o acceso a una web no propia ser\u00e1 realizado por voluntad y a riesgo y ventura exclusiva de EL USUARIO, y SALVETTI &amp; LLOMBART, SL no recomienda ni garantiza ninguna de la Informaci\u00f3n obtenida por o a trav\u00e9s de un v\u00ednculo, ni se responsabiliza de ninguna p\u00e9rdida, reclamaci\u00f3n o perjuicio derivado del uso o mal uso de un v\u00ednculo, o de la Informaci\u00f3n obtenida a trav\u00e9s de \u00e9l, incluyendo otros v\u00ednculos o webs, de la interrupci\u00f3n en el servicio o en el acceso, o del intento de usar o usar mal un v\u00ednculo, tanto al conectar a la web de SALVETTI &amp; LLOMBART, SL como al acceder a la informaci\u00f3n de otras webs desde la misma.\r\n        <\/p>\r\n\r\n              <p class=\"textosterminos\">\r\n                  En algunas ocasiones, esta web utiliza \u00abCookies\u00bb, es decir, peque\u00f1os ficheros de datos que se generan en el ordenador de EL USUARIO y que permiten obtener la siguiente Informaci\u00f3n: 1) Fecha y hora de la \u00faltima vez que el usuario visit\u00f3 la web; 2) Dise\u00f1o y contenidos que EL USUARIO escogi\u00f3 en su primera visita a la web; 3) Elementos de seguridad que intervienen en el control de acceso a las \u00e1reas restringidas y; 4) Otras circunstancias an\u00e1logas. EL USUARIO tiene la opci\u00f3n de impedir la generaci\u00f3n de cookies, mediante la selecci\u00f3n de la correspondiente opci\u00f3n en su programa navegador. Sin embargo, la mercantil no se responsabiliza de que la desactivaci\u00f3n de las mismas impida el buen funcionamiento de la p\u00e1gina web.\r\n                  <\/p>\r\n\r\n             <p class=\"TitulosHome\">\r\n                 PROPIEDAD INDUSTRIAL E INTELECTUAL\r\n                  <\/p>\r\n             <p class=\"textosterminos\">\r\n                 Esta web es propiedad de SALVETTI &amp; LLOMBART, SL. Los derechos de Propiedad Intelectual y derechos de explotaci\u00f3n y reproducci\u00f3n de esta web, de sus p\u00e1ginas, pantallas, la Informaci\u00f3n que contienen, su apariencia y dise\u00f1o, as\u00ed como los v\u00ednculos (\u00abhiperlinks\u00bb) que se establezcan desde ella a otras p\u00e1ginas web de cualquier sociedad filial y\/o dominada de SALVETTI &amp; LLOMBART, SL, son propiedad exclusiva de \u00e9sta, salvo que expresamente se especifique otra cosa. Cualquier denominaci\u00f3n, dise\u00f1o y\/o logotipo, as\u00ed como cualquier producto o servicio ofrecidos y reflejados en esta p\u00e1gina web, son marcas debidamente registradas por SALVETTI &amp; LLOMBART, SL, por sus sociedades filiales y\/o dominadas o por terceros.\r\n                  <\/p>\r\n             <p class=\"textosterminos\">\r\n                 Cualquier uso indebido de las mismas por personas diferentes de su leg\u00edtimo titular y sin el consentimiento expreso e inequ\u00edvoco por parte de \u00e9ste podr\u00e1 ser denunciado y perseguido a trav\u00e9s de todos los medio legales existentes en el Ordenamiento Jur\u00eddico espa\u00f1ol y\/o comunitario.<br>\r\nLos derechos de propiedad intelectual y marchas de terceros est\u00e1n destacados convenientemente y deben ser respetados por todo aqu\u00e9l que acceda a esta p\u00e1gina, no siendo responsabilidad de SALVETTI &amp; LLOMBART, SL el uso que EL USUARIO pueda llevar a cabo al respecto, recayendo la responsabilidad exclusiva en su persona.\r\n                  <\/p>\r\n             <p class=\"textosterminos\">\r\n                 S\u00f3lo para uso personal y privado se permite descargar los contenidos, copiar o imprimir cualquier p\u00e1gina de esta web. Queda prohibido reproducir, transmitir, modificar o suprimir la informaci\u00f3n, contenido o advertencias de esta web sin la previa autorizaci\u00f3n por escrito de SALVETTI &amp; LLOMBART, SL.\r\n                  <\/p>\r\n             <p class=\"TitulosHome\">\r\n                 Ley aplicable y Jurisdicci\u00f3n\r\n                  <\/p>\r\n                  <p class=\"textosterminos\">\r\n                      Las presentes condiciones generales se rigen por la Legislaci\u00f3n espa\u00f1ola, siendo competentes los Juzgados y Tribunales espa\u00f1oles para conocer de cuantas cuestiones se susciten sobre la interpretaci\u00f3n, aplicaci\u00f3n e cumplimiento de las mismas. EL USUARIO, por virtud de su aceptaci\u00f3n a las condiciones generales recogidas en este aviso legal, renuncia expresamente a cualquier fuero que, por aplicaci\u00f3n de la Ley de Enjuiciamiento Civil vigente pudiera corresponderle.\r\n                  <\/p>\r\n            <br>\r\n        <br>\r\n    <\/div>","protected":false},"excerpt":{"rendered":"<p>AVISO LEGAL INFORMACI\u00d3N LEGAL LSSIYCE De acuerdo con las obligaciones previstas en la Ley 34\/2002, de servicios de la Sociedad de la Informaci\u00f3n y del comercio electr\u00f3nico (en adelante LSSIYCE), SALVETTI &amp; LLOMBART, SL manifiesta que el dominio www.salvettillombart.com es propiedad de SALVETTI &amp; LLOMBART, SL, con CIF B61220521, y domicilio en C\/ Rossell\u00f3 188,&hellip; <a class=\"more-link\" href=\"https:\/\/salvettillombart.com\/es\/aviso-legal\/\">Seguir leyendo <span class=\"screen-reader-text\">Aviso legal<\/span><\/a><\/p>\n","protected":false},"author":1,"featured_media":0,"parent":0,"menu_order":0,"comment_status":"closed","ping_status":"open","template":"","meta":{"footnotes":""},"class_list":["post-383","page","type-page","status-publish","hentry","entry"],"yoast_head":"<!-- This site is optimized with the Yoast SEO plugin v26.0 - https:\/\/yoast.com\/wordpress\/plugins\/seo\/ -->\n<title>Aviso legal - Salvetti Llombart<\/title>\n<meta name=\"robots\" content=\"index, follow, max-snippet:-1, max-image-preview:large, max-video-preview:-1\" \/>\n<link rel=\"canonical\" href=\"https:\/\/salvettillombart.com\/es\/aviso-legal\/\" \/>\n<meta property=\"og:locale\" content=\"es_ES\" \/>\n<meta property=\"og:type\" content=\"article\" \/>\n<meta property=\"og:title\" content=\"Aviso legal - Salvetti Llombart\" \/>\n<meta property=\"og:description\" content=\"AVISO LEGAL INFORMACI\u00d3N LEGAL LSSIYCE De acuerdo con las obligaciones previstas en la Ley 34\/2002, de servicios de la Sociedad de la Informaci\u00f3n y del comercio electr\u00f3nico (en adelante LSSIYCE), SALVETTI &amp; LLOMBART, SL manifiesta que el dominio www.salvettillombart.com es propiedad de SALVETTI &amp; LLOMBART, SL, con CIF B61220521, y domicilio en C\/ Rossell\u00f3 188,&hellip; Seguir leyendo Aviso legal\" \/>\n<meta property=\"og:url\" content=\"https:\/\/salvettillombart.com\/es\/aviso-legal\/\" \/>\n<meta property=\"og:site_name\" content=\"Salvetti Llombart\" \/>\n<meta property=\"article:publisher\" content=\"https:\/\/www.linkedin.com\/company\/salvetti%26llombart\" \/>\n<meta property=\"article:modified_time\" content=\"2024-10-28T10:17:56+00:00\" \/>\n<meta name=\"twitter:card\" content=\"summary_large_image\" \/>\n<meta name=\"twitter:label1\" content=\"Tiempo de lectura\" \/>\n\t<meta name=\"twitter:data1\" content=\"7 minutos\" \/>\n<script type=\"application\/ld+json\" class=\"yoast-schema-graph\">{\"@context\":\"https:\/\/schema.org\",\"@graph\":[{\"@type\":\"WebPage\",\"@id\":\"https:\/\/salvettillombart.com\/es\/aviso-legal\/\",\"url\":\"https:\/\/salvettillombart.com\/es\/aviso-legal\/\",\"name\":\"Aviso legal - Salvetti Llombart\",\"isPartOf\":{\"@id\":\"https:\/\/salvettillombart.com\/es\/#website\"},\"datePublished\":\"2021-03-19T14:33:32+00:00\",\"dateModified\":\"2024-10-28T10:17:56+00:00\",\"breadcrumb\":{\"@id\":\"https:\/\/salvettillombart.com\/es\/aviso-legal\/#breadcrumb\"},\"inLanguage\":\"es\",\"potentialAction\":[{\"@type\":\"ReadAction\",\"target\":[\"https:\/\/salvettillombart.com\/es\/aviso-legal\/\"]}]},{\"@type\":\"BreadcrumbList\",\"@id\":\"https:\/\/salvettillombart.com\/es\/aviso-legal\/#breadcrumb\",\"itemListElement\":[{\"@type\":\"ListItem\",\"position\":1,\"name\":\"Home\",\"item\":\"https:\/\/salvettillombart.com\/es\/\"},{\"@type\":\"ListItem\",\"position\":2,\"name\":\"Aviso legal\"}]},{\"@type\":\"WebSite\",\"@id\":\"https:\/\/salvettillombart.com\/es\/#website\",\"url\":\"https:\/\/salvettillombart.com\/es\/\",\"name\":\"Salvetti Llombart\",\"description\":\"Inspiring changes\",\"publisher\":{\"@id\":\"https:\/\/salvettillombart.com\/es\/#organization\"},\"potentialAction\":[{\"@type\":\"SearchAction\",\"target\":{\"@type\":\"EntryPoint\",\"urlTemplate\":\"https:\/\/salvettillombart.com\/es\/?s={search_term_string}\"},\"query-input\":{\"@type\":\"PropertyValueSpecification\",\"valueRequired\":true,\"valueName\":\"search_term_string\"}}],\"inLanguage\":\"es\"},{\"@type\":\"Organization\",\"@id\":\"https:\/\/salvettillombart.com\/es\/#organization\",\"name\":\"Salvetti Llombart\",\"url\":\"https:\/\/salvettillombart.com\/es\/\",\"logo\":{\"@type\":\"ImageObject\",\"inLanguage\":\"es\",\"@id\":\"https:\/\/salvettillombart.com\/es\/#\/schema\/logo\/image\/\",\"url\":\"https:\/\/salvettillombart.com\/wp-content\/uploads\/2025\/09\/logo-salvetti.png\",\"contentUrl\":\"https:\/\/salvettillombart.com\/wp-content\/uploads\/2025\/09\/logo-salvetti.png\",\"width\":516,\"height\":125,\"caption\":\"Salvetti Llombart\"},\"image\":{\"@id\":\"https:\/\/salvettillombart.com\/es\/#\/schema\/logo\/image\/\"},\"sameAs\":[\"https:\/\/www.linkedin.com\/company\/salvetti&llombart\"]}]}<\/script>\n<!-- \/ Yoast SEO plugin. -->","yoast_head_json":{"title":"Aviso legal - Salvetti Llombart","robots":{"index":"index","follow":"follow","max-snippet":"max-snippet:-1","max-image-preview":"max-image-preview:large","max-video-preview":"max-video-preview:-1"},"canonical":"https:\/\/salvettillombart.com\/es\/aviso-legal\/","og_locale":"es_ES","og_type":"article","og_title":"Aviso legal - Salvetti Llombart","og_description":"AVISO LEGAL INFORMACI\u00d3N LEGAL LSSIYCE De acuerdo con las obligaciones previstas en la Ley 34\/2002, de servicios de la Sociedad de la Informaci\u00f3n y del comercio electr\u00f3nico (en adelante LSSIYCE), SALVETTI &amp; LLOMBART, SL manifiesta que el dominio www.salvettillombart.com es propiedad de SALVETTI &amp; LLOMBART, SL, con CIF B61220521, y domicilio en C\/ Rossell\u00f3 188,&hellip; Seguir leyendo Aviso legal","og_url":"https:\/\/salvettillombart.com\/es\/aviso-legal\/","og_site_name":"Salvetti Llombart","article_publisher":"https:\/\/www.linkedin.com\/company\/salvetti%26llombart","article_modified_time":"2024-10-28T10:17:56+00:00","twitter_card":"summary_large_image","twitter_misc":{"Tiempo de lectura":"7 minutos"},"schema":{"@context":"https:\/\/schema.org","@graph":[{"@type":"WebPage","@id":"https:\/\/salvettillombart.com\/es\/aviso-legal\/","url":"https:\/\/salvettillombart.com\/es\/aviso-legal\/","name":"Aviso legal - Salvetti Llombart","isPartOf":{"@id":"https:\/\/salvettillombart.com\/es\/#website"},"datePublished":"2021-03-19T14:33:32+00:00","dateModified":"2024-10-28T10:17:56+00:00","breadcrumb":{"@id":"https:\/\/salvettillombart.com\/es\/aviso-legal\/#breadcrumb"},"inLanguage":"es","potentialAction":[{"@type":"ReadAction","target":["https:\/\/salvettillombart.com\/es\/aviso-legal\/"]}]},{"@type":"BreadcrumbList","@id":"https:\/\/salvettillombart.com\/es\/aviso-legal\/#breadcrumb","itemListElement":[{"@type":"ListItem","position":1,"name":"Home","item":"https:\/\/salvettillombart.com\/es\/"},{"@type":"ListItem","position":2,"name":"Aviso legal"}]},{"@type":"WebSite","@id":"https:\/\/salvettillombart.com\/es\/#website","url":"https:\/\/salvettillombart.com\/es\/","name":"Salvetti Llombart","description":"Inspiring changes","publisher":{"@id":"https:\/\/salvettillombart.com\/es\/#organization"},"potentialAction":[{"@type":"SearchAction","target":{"@type":"EntryPoint","urlTemplate":"https:\/\/salvettillombart.com\/es\/?s={search_term_string}"},"query-input":{"@type":"PropertyValueSpecification","valueRequired":true,"valueName":"search_term_string"}}],"inLanguage":"es"},{"@type":"Organization","@id":"https:\/\/salvettillombart.com\/es\/#organization","name":"Salvetti Llombart","url":"https:\/\/salvettillombart.com\/es\/","logo":{"@type":"ImageObject","inLanguage":"es","@id":"https:\/\/salvettillombart.com\/es\/#\/schema\/logo\/image\/","url":"https:\/\/salvettillombart.com\/wp-content\/uploads\/2025\/09\/logo-salvetti.png","contentUrl":"https:\/\/salvettillombart.com\/wp-content\/uploads\/2025\/09\/logo-salvetti.png","width":516,"height":125,"caption":"Salvetti Llombart"},"image":{"@id":"https:\/\/salvettillombart.com\/es\/#\/schema\/logo\/image\/"},"sameAs":["https:\/\/www.linkedin.com\/company\/salvetti&llombart"]}]}},"_links":{"self":[{"href":"https:\/\/salvettillombart.com\/es\/wp-json\/wp\/v2\/pages\/383","targetHints":{"allow":["GET"]}}],"collection":[{"href":"https:\/\/salvettillombart.com\/es\/wp-json\/wp\/v2\/pages"}],"about":[{"href":"https:\/\/salvettillombart.com\/es\/wp-json\/wp\/v2\/types\/page"}],"author":[{"embeddable":true,"href":"https:\/\/salvettillombart.com\/es\/wp-json\/wp\/v2\/users\/1"}],"replies":[{"embeddable":true,"href":"https:\/\/salvettillombart.com\/es\/wp-json\/wp\/v2\/comments?post=383"}],"version-history":[{"count":6,"href":"https:\/\/salvettillombart.com\/es\/wp-json\/wp\/v2\/pages\/383\/revisions"}],"predecessor-version":[{"id":582,"href":"https:\/\/salvettillombart.com\/es\/wp-json\/wp\/v2\/pages\/383\/revisions\/582"}],"wp:attachment":[{"href":"https:\/\/salvettillombart.com\/es\/wp-json\/wp\/v2\/media?parent=383"}],"curies":[{"name":"wp","href":"https:\/\/api.w.org\/{rel}","templated":true}]}}