{"id":513,"date":"2021-05-26T23:39:55","date_gmt":"2021-05-26T23:39:55","guid":{"rendered":"https:\/\/salvettillombart.com\/?page_id=513"},"modified":"2024-10-24T18:29:25","modified_gmt":"2024-10-24T18:29:25","slug":"cookie-policy","status":"publish","type":"page","link":"https:\/\/salvettillombart.com\/es\/cookie-policy\/","title":{"rendered":"COOKIE POLICY"},"content":{"rendered":"<div class=\"container legal\">\r\n<h1 class=\"TituloHomeH1\">POL\u00cdTICA DE COOKIES<\/h1>\r\n&nbsp;\r\n<p class=\"TitulosHome\">1 CAPA:<\/p>\r\n<p class=\"textosterminos\">Le informamos que la web de SALVETTI &amp; LLOMBART SL utiliza cookies permanentes que permiten captar informaci\u00f3n de navegaci\u00f3n de los usuarios que acceden a la web. M\u00e1s informaci\u00f3n. ACCEPTAR<\/p>\r\n<p class=\"TitulosHome\">2 CAPA:<\/p>\r\n<p class=\"textosterminos\">Les informamos que para un correcto funcionamiento de la web <a href=\"salvettillombart.com\">salvettillombart.com<\/a>, el sistema de navegaci\u00f3n utiliza algunos datos de navegaci\u00f3n (\u201cCookies\u201d) para poder ofrecer un servicio m\u00e1s personalizado a los usuarios de la web.\r\n\r\nLas \u201cCookies\u201d son peque\u00f1os archivos de texto que el navegador guarda cuando se navega por p\u00e1ginas web y aplicaciones. Se puede obtener la informaci\u00f3n de la direcci\u00f3n IP que utiliza el ordenador para conectarse a la p\u00e1gina web, la direcci\u00f3n URL de la p\u00e1gina web solicitada, la hora de la conexi\u00f3n y otros par\u00e1metros relativos al sistema operativo del entorno inform\u00e1tico del usuario. Esta informaci\u00f3n tan solo se recoge para identificar la sesi\u00f3n con el objetivo de facilitar el an\u00e1lisis de la p\u00e1gina web.<\/p>\r\n<p class=\"textosterminos\">SALVETTI &amp; LLOMBART SL en su web utiliza \u201ccookies\u201d de terceros; y en concreto de Google Analytics; que es un servicio de estad\u00edsticas de p\u00e1ginas web que ofrece Google, Inc. Google Analytics recoge informaci\u00f3n del equipo del usuario, en concreto la ip de acceso, para obtener informes sobre la actividad de la aplicaci\u00f3n; guardando la informaci\u00f3n almacenada en servidores de los Estados Unidos.<\/p>\r\n<p class=\"textosterminos\">En todo caso, en el supuesto que se capten datos de car\u00e1cter personal- en este caso tan s\u00f3lo la Ip de acceso; en virtud de la normativa de Protecci\u00f3n de Datos de Car\u00e1cter Personal, por la presente autoriza a que los datos personales facilitados sean incorporados en el fichero Marketing responsabilidad de SALVETTI &amp; LLOMBART SL. La finalidad de este tratamiento es la de gestionar la informaci\u00f3n que se capta a trav\u00e9s de las cookies. Estos datos ser\u00e1n transmitidos por las empresas gestoras de las cookies y ser\u00e1n conservados de acuerdo a los par\u00e1metros de estas entidades.<\/p>\r\n<p class=\"textosterminos\">En cualquier caso, podr\u00e1 indicar la revocaci\u00f3n del consentimiento dado, as\u00ed como ejercitar los derechos de acceso, rectificaci\u00f3n o supresi\u00f3n, la limitaci\u00f3n del tratamiento u oponer-se, as\u00ed como el derecho a la portabilidad de los datos. Estas peticiones deber\u00e1n realizarse en C\/ Rossell\u00f3 188, entresuelo 08008 Barcelona (Barcelona) o a info@salvettillombart.com\r\n\r\nAs\u00ed mismo tambi\u00e9n podr\u00e1 presentar una reclamaci\u00f3n ante la Agencia Espa\u00f1ola de Protecci\u00f3n de datos o ponerse en contacto con el Delegado de Protecci\u00f3n de datos para resolver sus dudas en dpd@salvettilombart.com<\/p>\r\n<p class=\"textosterminos\">Se informa al usuario que Google podr\u00e1 transmitir esta informaci\u00f3n a terceros cuando as\u00ed lo requiera la ley, o cuando estos terceros procesen la informaci\u00f3n por cuenta de Google.\r\nGoogle no asociar\u00e1 la direcci\u00f3n de IP del usuario con otro dato de que dispongan, y por lo tanto lo har\u00e1n totalmente de forma anonimizada.\r\nPara rehusar o eliminar esta \u201ccookie\u201d se puede consultar la siguiente direcci\u00f3n:<\/p>\r\n<p class=\"textosterminos\"><a href=\"http:\/\/www.google.com\/intl\/ca\/policies\/privacy\/\">http:\/\/www.google.com\/intl\/ca\/policies\/privacy\/\r\n<\/a>\r\n\r\n<a href=\"http:\/\/www.google.com\/intl\/en\/privacypolicy.html\">http:\/\/www.google.com\/intl\/en\/privacypolicy.html\r\n<\/a><\/p>\r\n<p class=\"textosterminos\">Adem\u00e1s, tambi\u00e9n puede deshabilitar las cookies desde el propio navegador que est\u00e1 utilizando en su propio dispositivo; siendo los pasos a seguir en los navegadores m\u00e1s utilizados:<\/p>\r\n<p class=\"textosterminos\">&#8211; Microsoft Internet Explorer, en la opci\u00f3n de men\u00fa Herramientas \u2192 Opciones de Internet \u2192 Privacidad \u2192 Configuraci\u00f3n.<\/p>\r\n<p class=\"textosterminos\">&#8211; Firefox, en la opci\u00f3n de men\u00fa Herramientas \u2192 Opciones \u2192 Privacidad \u2192 Cookies.<\/p>\r\n<p class=\"textosterminos\">&#8211; Chrome: Configuraci\u00f3n \u2192 Mostrar opciones avanzadas \u2192 Privacidad \u2192 Configuraci\u00f3n de contenido.<\/p>\r\n<p class=\"textosterminos\">Safari: Preferencias \u2192 Seguridad.<\/p>\r\n<p class=\"textosterminos\">Si desea m\u00e1s informaci\u00f3n sobre las cookies y su manera de deshabilitarlas seg\u00fan su sistema de navegaci\u00f3n puede consultar los siguientes links: <a href=\"www.aboutcookies.org\">www.aboutcookies.org<\/a> y <a href=\"http:\/\/www.aboutcookies.org\/Default.aspx?page=1\">http:\/\/www.aboutcookies.org\/Default.aspx?page=1<\/a><\/p>\r\n<p class=\"textosterminos\">En caso contrario, y habiendo informado SALVETTI &amp; LLOMBART SL del uso de cookies, y sin que estas hayan sido inhabilitadas implica que el usuario da su consentimiento al tratamiento de datos por Google en la forma prevista en este aviso y para las finalidades aqu\u00ed descritas.<\/p>\r\n<p class=\"textosterminos\">En caso de duda o de cualquier comentario, se puede dirigir a SALVETTI &amp; LLOMBART SL a trav\u00e9s de sus medios de atenci\u00f3n al p\u00fablico o bien comunicarse con nosotros a trav\u00e9s de: info@salvettillombart.com<\/p>\r\n&nbsp;\r\n\r\n<\/div>","protected":false},"excerpt":{"rendered":"<p>POL\u00cdTICA DE COOKIES &nbsp; 1 CAPA: Le informamos que la web de SALVETTI &amp; LLOMBART SL utiliza cookies permanentes que permiten captar informaci\u00f3n de navegaci\u00f3n de los usuarios que acceden a la web. M\u00e1s informaci\u00f3n. ACCEPTAR 2 CAPA: Les informamos que para un correcto funcionamiento de la web salvettillombart.com, el sistema de navegaci\u00f3n utiliza algunos&hellip; <a class=\"more-link\" href=\"https:\/\/salvettillombart.com\/es\/cookie-policy\/\">Seguir leyendo <span class=\"screen-reader-text\">COOKIE POLICY<\/span><\/a><\/p>\n","protected":false},"author":1,"featured_media":0,"parent":0,"menu_order":0,"comment_status":"closed","ping_status":"closed","template":"","meta":{"footnotes":""},"class_list":["post-513","page","type-page","status-publish","hentry","entry"],"yoast_head":"<!-- This site is optimized with the Yoast SEO plugin v26.0 - https:\/\/yoast.com\/wordpress\/plugins\/seo\/ -->\n<title>COOKIE POLICY - Salvetti Llombart<\/title>\n<meta name=\"robots\" content=\"index, follow, max-snippet:-1, max-image-preview:large, max-video-preview:-1\" \/>\n<link rel=\"canonical\" href=\"https:\/\/salvettillombart.com\/es\/cookie-policy\/\" \/>\n<meta property=\"og:locale\" content=\"es_ES\" \/>\n<meta property=\"og:type\" content=\"article\" \/>\n<meta property=\"og:title\" content=\"COOKIE POLICY - Salvetti Llombart\" \/>\n<meta property=\"og:description\" content=\"POL\u00cdTICA DE COOKIES &nbsp; 1 CAPA: Le informamos que la web de SALVETTI &amp; LLOMBART SL utiliza cookies permanentes que permiten captar informaci\u00f3n de navegaci\u00f3n de los usuarios que acceden a la web. M\u00e1s informaci\u00f3n. ACCEPTAR 2 CAPA: Les informamos que para un correcto funcionamiento de la web salvettillombart.com, el sistema de navegaci\u00f3n utiliza algunos&hellip; Seguir leyendo COOKIE POLICY\" \/>\n<meta property=\"og:url\" content=\"https:\/\/salvettillombart.com\/es\/cookie-policy\/\" \/>\n<meta property=\"og:site_name\" content=\"Salvetti Llombart\" \/>\n<meta property=\"article:publisher\" content=\"https:\/\/www.linkedin.com\/company\/salvetti%26llombart\" \/>\n<meta property=\"article:modified_time\" content=\"2024-10-24T18:29:25+00:00\" \/>\n<meta name=\"twitter:card\" content=\"summary_large_image\" \/>\n<meta name=\"twitter:label1\" content=\"Tiempo de lectura\" \/>\n\t<meta name=\"twitter:data1\" content=\"4 minutos\" \/>\n<script type=\"application\/ld+json\" class=\"yoast-schema-graph\">{\"@context\":\"https:\/\/schema.org\",\"@graph\":[{\"@type\":\"WebPage\",\"@id\":\"https:\/\/salvettillombart.com\/es\/cookie-policy\/\",\"url\":\"https:\/\/salvettillombart.com\/es\/cookie-policy\/\",\"name\":\"COOKIE POLICY - Salvetti Llombart\",\"isPartOf\":{\"@id\":\"https:\/\/salvettillombart.com\/es\/#website\"},\"datePublished\":\"2021-05-26T23:39:55+00:00\",\"dateModified\":\"2024-10-24T18:29:25+00:00\",\"breadcrumb\":{\"@id\":\"https:\/\/salvettillombart.com\/es\/cookie-policy\/#breadcrumb\"},\"inLanguage\":\"es\",\"potentialAction\":[{\"@type\":\"ReadAction\",\"target\":[\"https:\/\/salvettillombart.com\/es\/cookie-policy\/\"]}]},{\"@type\":\"BreadcrumbList\",\"@id\":\"https:\/\/salvettillombart.com\/es\/cookie-policy\/#breadcrumb\",\"itemListElement\":[{\"@type\":\"ListItem\",\"position\":1,\"name\":\"Home\",\"item\":\"https:\/\/salvettillombart.com\/es\/\"},{\"@type\":\"ListItem\",\"position\":2,\"name\":\"COOKIE POLICY\"}]},{\"@type\":\"WebSite\",\"@id\":\"https:\/\/salvettillombart.com\/es\/#website\",\"url\":\"https:\/\/salvettillombart.com\/es\/\",\"name\":\"Salvetti Llombart\",\"description\":\"Inspiring changes\",\"publisher\":{\"@id\":\"https:\/\/salvettillombart.com\/es\/#organization\"},\"potentialAction\":[{\"@type\":\"SearchAction\",\"target\":{\"@type\":\"EntryPoint\",\"urlTemplate\":\"https:\/\/salvettillombart.com\/es\/?s={search_term_string}\"},\"query-input\":{\"@type\":\"PropertyValueSpecification\",\"valueRequired\":true,\"valueName\":\"search_term_string\"}}],\"inLanguage\":\"es\"},{\"@type\":\"Organization\",\"@id\":\"https:\/\/salvettillombart.com\/es\/#organization\",\"name\":\"Salvetti Llombart\",\"url\":\"https:\/\/salvettillombart.com\/es\/\",\"logo\":{\"@type\":\"ImageObject\",\"inLanguage\":\"es\",\"@id\":\"https:\/\/salvettillombart.com\/es\/#\/schema\/logo\/image\/\",\"url\":\"https:\/\/salvettillombart.com\/wp-content\/uploads\/2025\/09\/logo-salvetti.png\",\"contentUrl\":\"https:\/\/salvettillombart.com\/wp-content\/uploads\/2025\/09\/logo-salvetti.png\",\"width\":516,\"height\":125,\"caption\":\"Salvetti Llombart\"},\"image\":{\"@id\":\"https:\/\/salvettillombart.com\/es\/#\/schema\/logo\/image\/\"},\"sameAs\":[\"https:\/\/www.linkedin.com\/company\/salvetti&llombart\"]}]}<\/script>\n<!-- \/ Yoast SEO plugin. -->","yoast_head_json":{"title":"COOKIE POLICY - Salvetti Llombart","robots":{"index":"index","follow":"follow","max-snippet":"max-snippet:-1","max-image-preview":"max-image-preview:large","max-video-preview":"max-video-preview:-1"},"canonical":"https:\/\/salvettillombart.com\/es\/cookie-policy\/","og_locale":"es_ES","og_type":"article","og_title":"COOKIE POLICY - Salvetti Llombart","og_description":"POL\u00cdTICA DE COOKIES &nbsp; 1 CAPA: Le informamos que la web de SALVETTI &amp; LLOMBART SL utiliza cookies permanentes que permiten captar informaci\u00f3n de navegaci\u00f3n de los usuarios que acceden a la web. M\u00e1s informaci\u00f3n. ACCEPTAR 2 CAPA: Les informamos que para un correcto funcionamiento de la web salvettillombart.com, el sistema de navegaci\u00f3n utiliza algunos&hellip; Seguir leyendo COOKIE POLICY","og_url":"https:\/\/salvettillombart.com\/es\/cookie-policy\/","og_site_name":"Salvetti Llombart","article_publisher":"https:\/\/www.linkedin.com\/company\/salvetti%26llombart","article_modified_time":"2024-10-24T18:29:25+00:00","twitter_card":"summary_large_image","twitter_misc":{"Tiempo de lectura":"4 minutos"},"schema":{"@context":"https:\/\/schema.org","@graph":[{"@type":"WebPage","@id":"https:\/\/salvettillombart.com\/es\/cookie-policy\/","url":"https:\/\/salvettillombart.com\/es\/cookie-policy\/","name":"COOKIE POLICY - Salvetti Llombart","isPartOf":{"@id":"https:\/\/salvettillombart.com\/es\/#website"},"datePublished":"2021-05-26T23:39:55+00:00","dateModified":"2024-10-24T18:29:25+00:00","breadcrumb":{"@id":"https:\/\/salvettillombart.com\/es\/cookie-policy\/#breadcrumb"},"inLanguage":"es","potentialAction":[{"@type":"ReadAction","target":["https:\/\/salvettillombart.com\/es\/cookie-policy\/"]}]},{"@type":"BreadcrumbList","@id":"https:\/\/salvettillombart.com\/es\/cookie-policy\/#breadcrumb","itemListElement":[{"@type":"ListItem","position":1,"name":"Home","item":"https:\/\/salvettillombart.com\/es\/"},{"@type":"ListItem","position":2,"name":"COOKIE POLICY"}]},{"@type":"WebSite","@id":"https:\/\/salvettillombart.com\/es\/#website","url":"https:\/\/salvettillombart.com\/es\/","name":"Salvetti Llombart","description":"Inspiring changes","publisher":{"@id":"https:\/\/salvettillombart.com\/es\/#organization"},"potentialAction":[{"@type":"SearchAction","target":{"@type":"EntryPoint","urlTemplate":"https:\/\/salvettillombart.com\/es\/?s={search_term_string}"},"query-input":{"@type":"PropertyValueSpecification","valueRequired":true,"valueName":"search_term_string"}}],"inLanguage":"es"},{"@type":"Organization","@id":"https:\/\/salvettillombart.com\/es\/#organization","name":"Salvetti Llombart","url":"https:\/\/salvettillombart.com\/es\/","logo":{"@type":"ImageObject","inLanguage":"es","@id":"https:\/\/salvettillombart.com\/es\/#\/schema\/logo\/image\/","url":"https:\/\/salvettillombart.com\/wp-content\/uploads\/2025\/09\/logo-salvetti.png","contentUrl":"https:\/\/salvettillombart.com\/wp-content\/uploads\/2025\/09\/logo-salvetti.png","width":516,"height":125,"caption":"Salvetti Llombart"},"image":{"@id":"https:\/\/salvettillombart.com\/es\/#\/schema\/logo\/image\/"},"sameAs":["https:\/\/www.linkedin.com\/company\/salvetti&llombart"]}]}},"_links":{"self":[{"href":"https:\/\/salvettillombart.com\/es\/wp-json\/wp\/v2\/pages\/513","targetHints":{"allow":["GET"]}}],"collection":[{"href":"https:\/\/salvettillombart.com\/es\/wp-json\/wp\/v2\/pages"}],"about":[{"href":"https:\/\/salvettillombart.com\/es\/wp-json\/wp\/v2\/types\/page"}],"author":[{"embeddable":true,"href":"https:\/\/salvettillombart.com\/es\/wp-json\/wp\/v2\/users\/1"}],"replies":[{"embeddable":true,"href":"https:\/\/salvettillombart.com\/es\/wp-json\/wp\/v2\/comments?post=513"}],"version-history":[{"count":4,"href":"https:\/\/salvettillombart.com\/es\/wp-json\/wp\/v2\/pages\/513\/revisions"}],"predecessor-version":[{"id":558,"href":"https:\/\/salvettillombart.com\/es\/wp-json\/wp\/v2\/pages\/513\/revisions\/558"}],"wp:attachment":[{"href":"https:\/\/salvettillombart.com\/es\/wp-json\/wp\/v2\/media?parent=513"}],"curies":[{"name":"wp","href":"https:\/\/api.w.org\/{rel}","templated":true}]}}