{"id":923,"date":"2025-10-02T20:54:19","date_gmt":"2025-10-02T20:54:19","guid":{"rendered":"https:\/\/salvettillombart.com\/soluciones\/buyer-persona\/"},"modified":"2025-10-03T18:44:43","modified_gmt":"2025-10-03T18:44:43","slug":"buyer-persona","status":"publish","type":"page","link":"https:\/\/salvettillombart.com\/es\/soluciones\/buyer-persona\/","title":{"rendered":"Buyer  persona"},"content":{"rendered":"<div class=\"bgMask MarginTop0\" style=\"width: 100%; height: 400px; overflow: hidden; position: absolute; background: rgba(0,0,0,0.5); z-index: 1;\">\r\n<\/div>\r\n<section id=\"newDestacada\" class=\"module ApartadoSliderQuienes\" alt=\"Behavioral Economics\" style=\"background: url('https:\/\/salvettillombart.com\/wp-content\/uploads\/2025\/10\/03-Buyer-Persona.jpg'); height: 400px; background-size: cover; background-repeat: no-repeat;\">\r\n    <div class=\"col-md-12 nopadding\" style=\"z-index: 99!important;color: white!important;\">\r\n        <div class=\"container\">\r\n            <div class=\"row multi-columns-row post-columns textCenter\" style=\"margin-top: 85px;\">\r\n\r\n                <!-- Post item start -->\r\n                <div class=\"container\">\r\n                    <div class=\"row\">\r\n                        <div class=\"col-sm-1\"><\/div>\r\n                        <div class=\"col-sm-10\">\r\n                            <h1 class=\"TituloHomeH1\" style=\"text-transform: uppercase!important;\">Buyer persona<\/h1>\r\n                            <h2 class=\"TituloHomeTexto2\">Identificamos arquetipos detallados y accionables que capturan las necesidades de los clientes, sus motivaciones y las mejores formas de conectar con ellos\u200b<\/h2>\r\n                        <\/div>\r\n                        <div class=\"col-sm-1\"><\/div>\r\n                    <\/div>\r\n                <\/div>\r\n                <!-- Post item end -->\r\n            <\/div><!-- .row -->\r\n            <div class=\"clearfix\"><\/div> <br>\r\n        <\/div>\r\n    <\/div>\r\n<\/section>\r\n<div class=\"clearfix\"><\/div>\r\n\r\n<div class=\"col-md-12 nopadding\" style=\"padding: 50px 0!important;\">\r\n    <div class=\"container\">\r\n        <div class=\"col-md-6\">\r\n            <p class=\"SubSolucionesDesc\">\r\n\r\n Los Buyer Persona son arquetipos basados en una investigaci\u00f3n profunda y que recogen sus motivaciones y Jobs to be Done en tu categor\u00eda, sus principales drivers de decisi\u00f3n y sus canales y contenidos preferidos.<br><br>\r\nCombinamos investigaci\u00f3n cualitativa y cuantitativa para identificar y perfilar en detalle cada Buyer Persona; dimensionar la oportunidad de cada perfil y definir la mejor forma de abordarlo. El resultado es un targeting m\u00e1s afinado, accionable y una propuesta de valor ajustada para acelerar la captaci\u00f3n de clientes y reforzar su fidelidad.\r\n <\/p>\r\n\r\n        <\/div>\r\n        <div class=\"col-md-6 \">\r\n            <p class=\"SubSolucionesFrase1 textCenter\">\r\n\r\nLos proyectos de Buyer Persona ayudan a las marcas y organizaciones B2C y B2B a comprender en profundidad a sus clientes: sus perfiles, necesidades y a c\u00f3mo darles respuesta.\r\n\r\n<\/p><p style=\"display:none\">U&#038;A, usage and attitudes, competitive landscape, route-to-market, Brand positioning,  targeting, portofolio<\/p>\r\n        <\/div>\r\n    <\/div>\r\n<\/div>\r\n","protected":false},"excerpt":{"rendered":"<p>Buyer persona Identificamos arquetipos detallados y accionables que capturan las necesidades de los clientes, sus motivaciones y las mejores formas de conectar con ellos\u200b Los Buyer Persona son arquetipos basados en una investigaci\u00f3n profunda y que recogen sus motivaciones y Jobs to be Done en tu categor\u00eda, sus principales drivers de decisi\u00f3n y sus canales&hellip; <a class=\"more-link\" href=\"https:\/\/salvettillombart.com\/es\/soluciones\/buyer-persona\/\">Seguir leyendo <span class=\"screen-reader-text\">Buyer  persona<\/span><\/a><\/p>\n","protected":false},"author":1,"featured_media":759,"parent":385,"menu_order":0,"comment_status":"closed","ping_status":"closed","template":"","meta":{"footnotes":""},"class_list":["post-923","page","type-page","status-publish","has-post-thumbnail","hentry","entry"],"yoast_head":"<!-- This site is optimized with the Yoast SEO plugin v26.0 - https:\/\/yoast.com\/wordpress\/plugins\/seo\/ -->\n<title>Buyer persona - Salvetti Llombart<\/title>\n<meta name=\"robots\" content=\"index, follow, max-snippet:-1, max-image-preview:large, max-video-preview:-1\" \/>\n<link rel=\"canonical\" href=\"https:\/\/salvettillombart.com\/es\/soluciones\/buyer-persona\/\" \/>\n<meta property=\"og:locale\" content=\"es_ES\" \/>\n<meta property=\"og:type\" content=\"article\" \/>\n<meta property=\"og:title\" content=\"Buyer persona - Salvetti Llombart\" \/>\n<meta property=\"og:description\" content=\"Buyer persona Identificamos arquetipos detallados y accionables que capturan las necesidades de los clientes, sus motivaciones y las mejores formas de conectar con ellos\u200b Los Buyer Persona son arquetipos basados en una investigaci\u00f3n profunda y que recogen sus motivaciones y Jobs to be Done en tu categor\u00eda, sus principales drivers de decisi\u00f3n y sus canales&hellip; Seguir leyendo Buyer persona\" \/>\n<meta property=\"og:url\" content=\"https:\/\/salvettillombart.com\/es\/soluciones\/buyer-persona\/\" \/>\n<meta property=\"og:site_name\" content=\"Salvetti Llombart\" \/>\n<meta property=\"article:publisher\" content=\"https:\/\/www.linkedin.com\/company\/salvetti%26llombart\" \/>\n<meta property=\"article:modified_time\" content=\"2025-10-03T18:44:43+00:00\" \/>\n<meta property=\"og:image\" content=\"https:\/\/salvettillombart.com\/wp-content\/uploads\/2025\/10\/03-Buyer-Persona.jpg\" \/>\n\t<meta property=\"og:image:width\" content=\"2500\" \/>\n\t<meta property=\"og:image:height\" content=\"1309\" \/>\n\t<meta property=\"og:image:type\" content=\"image\/jpeg\" \/>\n<meta name=\"twitter:card\" content=\"summary_large_image\" \/>\n<meta name=\"twitter:label1\" content=\"Tiempo de lectura\" \/>\n\t<meta name=\"twitter:data1\" content=\"1 minuto\" \/>\n<script type=\"application\/ld+json\" class=\"yoast-schema-graph\">{\"@context\":\"https:\/\/schema.org\",\"@graph\":[{\"@type\":\"WebPage\",\"@id\":\"https:\/\/salvettillombart.com\/es\/soluciones\/buyer-persona\/\",\"url\":\"https:\/\/salvettillombart.com\/es\/soluciones\/buyer-persona\/\",\"name\":\"Buyer persona - Salvetti Llombart\",\"isPartOf\":{\"@id\":\"https:\/\/salvettillombart.com\/es\/#website\"},\"primaryImageOfPage\":{\"@id\":\"https:\/\/salvettillombart.com\/es\/soluciones\/buyer-persona\/#primaryimage\"},\"image\":{\"@id\":\"https:\/\/salvettillombart.com\/es\/soluciones\/buyer-persona\/#primaryimage\"},\"thumbnailUrl\":\"https:\/\/salvettillombart.com\/wp-content\/uploads\/2025\/10\/03-Buyer-Persona.jpg\",\"datePublished\":\"2025-10-02T20:54:19+00:00\",\"dateModified\":\"2025-10-03T18:44:43+00:00\",\"breadcrumb\":{\"@id\":\"https:\/\/salvettillombart.com\/es\/soluciones\/buyer-persona\/#breadcrumb\"},\"inLanguage\":\"es\",\"potentialAction\":[{\"@type\":\"ReadAction\",\"target\":[\"https:\/\/salvettillombart.com\/es\/soluciones\/buyer-persona\/\"]}]},{\"@type\":\"ImageObject\",\"inLanguage\":\"es\",\"@id\":\"https:\/\/salvettillombart.com\/es\/soluciones\/buyer-persona\/#primaryimage\",\"url\":\"https:\/\/salvettillombart.com\/wp-content\/uploads\/2025\/10\/03-Buyer-Persona.jpg\",\"contentUrl\":\"https:\/\/salvettillombart.com\/wp-content\/uploads\/2025\/10\/03-Buyer-Persona.jpg\",\"width\":2500,\"height\":1309},{\"@type\":\"BreadcrumbList\",\"@id\":\"https:\/\/salvettillombart.com\/es\/soluciones\/buyer-persona\/#breadcrumb\",\"itemListElement\":[{\"@type\":\"ListItem\",\"position\":1,\"name\":\"Home\",\"item\":\"https:\/\/salvettillombart.com\/es\/\"},{\"@type\":\"ListItem\",\"position\":2,\"name\":\"Soluciones\",\"item\":\"https:\/\/salvettillombart.com\/es\/soluciones\/\"},{\"@type\":\"ListItem\",\"position\":3,\"name\":\"Buyer persona\"}]},{\"@type\":\"WebSite\",\"@id\":\"https:\/\/salvettillombart.com\/es\/#website\",\"url\":\"https:\/\/salvettillombart.com\/es\/\",\"name\":\"Salvetti Llombart\",\"description\":\"Inspiring changes\",\"publisher\":{\"@id\":\"https:\/\/salvettillombart.com\/es\/#organization\"},\"potentialAction\":[{\"@type\":\"SearchAction\",\"target\":{\"@type\":\"EntryPoint\",\"urlTemplate\":\"https:\/\/salvettillombart.com\/es\/?s={search_term_string}\"},\"query-input\":{\"@type\":\"PropertyValueSpecification\",\"valueRequired\":true,\"valueName\":\"search_term_string\"}}],\"inLanguage\":\"es\"},{\"@type\":\"Organization\",\"@id\":\"https:\/\/salvettillombart.com\/es\/#organization\",\"name\":\"Salvetti Llombart\",\"url\":\"https:\/\/salvettillombart.com\/es\/\",\"logo\":{\"@type\":\"ImageObject\",\"inLanguage\":\"es\",\"@id\":\"https:\/\/salvettillombart.com\/es\/#\/schema\/logo\/image\/\",\"url\":\"https:\/\/salvettillombart.com\/wp-content\/uploads\/2025\/09\/logo-salvetti.png\",\"contentUrl\":\"https:\/\/salvettillombart.com\/wp-content\/uploads\/2025\/09\/logo-salvetti.png\",\"width\":516,\"height\":125,\"caption\":\"Salvetti Llombart\"},\"image\":{\"@id\":\"https:\/\/salvettillombart.com\/es\/#\/schema\/logo\/image\/\"},\"sameAs\":[\"https:\/\/www.linkedin.com\/company\/salvetti&llombart\"]}]}<\/script>\n<!-- \/ Yoast SEO plugin. -->","yoast_head_json":{"title":"Buyer persona - Salvetti Llombart","robots":{"index":"index","follow":"follow","max-snippet":"max-snippet:-1","max-image-preview":"max-image-preview:large","max-video-preview":"max-video-preview:-1"},"canonical":"https:\/\/salvettillombart.com\/es\/soluciones\/buyer-persona\/","og_locale":"es_ES","og_type":"article","og_title":"Buyer persona - Salvetti Llombart","og_description":"Buyer persona Identificamos arquetipos detallados y accionables que capturan las necesidades de los clientes, sus motivaciones y las mejores formas de conectar con ellos\u200b Los Buyer Persona son arquetipos basados en una investigaci\u00f3n profunda y que recogen sus motivaciones y Jobs to be Done en tu categor\u00eda, sus principales drivers de decisi\u00f3n y sus canales&hellip; Seguir leyendo Buyer persona","og_url":"https:\/\/salvettillombart.com\/es\/soluciones\/buyer-persona\/","og_site_name":"Salvetti Llombart","article_publisher":"https:\/\/www.linkedin.com\/company\/salvetti%26llombart","article_modified_time":"2025-10-03T18:44:43+00:00","og_image":[{"width":2500,"height":1309,"url":"https:\/\/salvettillombart.com\/wp-content\/uploads\/2025\/10\/03-Buyer-Persona.jpg","type":"image\/jpeg"}],"twitter_card":"summary_large_image","twitter_misc":{"Tiempo de lectura":"1 minuto"},"schema":{"@context":"https:\/\/schema.org","@graph":[{"@type":"WebPage","@id":"https:\/\/salvettillombart.com\/es\/soluciones\/buyer-persona\/","url":"https:\/\/salvettillombart.com\/es\/soluciones\/buyer-persona\/","name":"Buyer persona - Salvetti Llombart","isPartOf":{"@id":"https:\/\/salvettillombart.com\/es\/#website"},"primaryImageOfPage":{"@id":"https:\/\/salvettillombart.com\/es\/soluciones\/buyer-persona\/#primaryimage"},"image":{"@id":"https:\/\/salvettillombart.com\/es\/soluciones\/buyer-persona\/#primaryimage"},"thumbnailUrl":"https:\/\/salvettillombart.com\/wp-content\/uploads\/2025\/10\/03-Buyer-Persona.jpg","datePublished":"2025-10-02T20:54:19+00:00","dateModified":"2025-10-03T18:44:43+00:00","breadcrumb":{"@id":"https:\/\/salvettillombart.com\/es\/soluciones\/buyer-persona\/#breadcrumb"},"inLanguage":"es","potentialAction":[{"@type":"ReadAction","target":["https:\/\/salvettillombart.com\/es\/soluciones\/buyer-persona\/"]}]},{"@type":"ImageObject","inLanguage":"es","@id":"https:\/\/salvettillombart.com\/es\/soluciones\/buyer-persona\/#primaryimage","url":"https:\/\/salvettillombart.com\/wp-content\/uploads\/2025\/10\/03-Buyer-Persona.jpg","contentUrl":"https:\/\/salvettillombart.com\/wp-content\/uploads\/2025\/10\/03-Buyer-Persona.jpg","width":2500,"height":1309},{"@type":"BreadcrumbList","@id":"https:\/\/salvettillombart.com\/es\/soluciones\/buyer-persona\/#breadcrumb","itemListElement":[{"@type":"ListItem","position":1,"name":"Home","item":"https:\/\/salvettillombart.com\/es\/"},{"@type":"ListItem","position":2,"name":"Soluciones","item":"https:\/\/salvettillombart.com\/es\/soluciones\/"},{"@type":"ListItem","position":3,"name":"Buyer persona"}]},{"@type":"WebSite","@id":"https:\/\/salvettillombart.com\/es\/#website","url":"https:\/\/salvettillombart.com\/es\/","name":"Salvetti Llombart","description":"Inspiring changes","publisher":{"@id":"https:\/\/salvettillombart.com\/es\/#organization"},"potentialAction":[{"@type":"SearchAction","target":{"@type":"EntryPoint","urlTemplate":"https:\/\/salvettillombart.com\/es\/?s={search_term_string}"},"query-input":{"@type":"PropertyValueSpecification","valueRequired":true,"valueName":"search_term_string"}}],"inLanguage":"es"},{"@type":"Organization","@id":"https:\/\/salvettillombart.com\/es\/#organization","name":"Salvetti Llombart","url":"https:\/\/salvettillombart.com\/es\/","logo":{"@type":"ImageObject","inLanguage":"es","@id":"https:\/\/salvettillombart.com\/es\/#\/schema\/logo\/image\/","url":"https:\/\/salvettillombart.com\/wp-content\/uploads\/2025\/09\/logo-salvetti.png","contentUrl":"https:\/\/salvettillombart.com\/wp-content\/uploads\/2025\/09\/logo-salvetti.png","width":516,"height":125,"caption":"Salvetti Llombart"},"image":{"@id":"https:\/\/salvettillombart.com\/es\/#\/schema\/logo\/image\/"},"sameAs":["https:\/\/www.linkedin.com\/company\/salvetti&llombart"]}]}},"_links":{"self":[{"href":"https:\/\/salvettillombart.com\/es\/wp-json\/wp\/v2\/pages\/923","targetHints":{"allow":["GET"]}}],"collection":[{"href":"https:\/\/salvettillombart.com\/es\/wp-json\/wp\/v2\/pages"}],"about":[{"href":"https:\/\/salvettillombart.com\/es\/wp-json\/wp\/v2\/types\/page"}],"author":[{"embeddable":true,"href":"https:\/\/salvettillombart.com\/es\/wp-json\/wp\/v2\/users\/1"}],"replies":[{"embeddable":true,"href":"https:\/\/salvettillombart.com\/es\/wp-json\/wp\/v2\/comments?post=923"}],"version-history":[{"count":3,"href":"https:\/\/salvettillombart.com\/es\/wp-json\/wp\/v2\/pages\/923\/revisions"}],"predecessor-version":[{"id":945,"href":"https:\/\/salvettillombart.com\/es\/wp-json\/wp\/v2\/pages\/923\/revisions\/945"}],"up":[{"embeddable":true,"href":"https:\/\/salvettillombart.com\/es\/wp-json\/wp\/v2\/pages\/385"}],"wp:featuredmedia":[{"embeddable":true,"href":"https:\/\/salvettillombart.com\/es\/wp-json\/wp\/v2\/media\/759"}],"wp:attachment":[{"href":"https:\/\/salvettillombart.com\/es\/wp-json\/wp\/v2\/media?parent=923"}],"curies":[{"name":"wp","href":"https:\/\/api.w.org\/{rel}","templated":true}]}}