{"id":930,"date":"2025-10-02T20:34:40","date_gmt":"2025-10-02T20:34:40","guid":{"rendered":"https:\/\/salvettillombart.com\/soluciones\/consumer-models\/"},"modified":"2025-10-03T18:45:31","modified_gmt":"2025-10-03T18:45:31","slug":"consumer-models","status":"publish","type":"page","link":"https:\/\/salvettillombart.com\/es\/soluciones\/consumer-models\/","title":{"rendered":"Consumer Models"},"content":{"rendered":"<div class=\"bgMask MarginTop0\" style=\"width: 100%; height: 400px; overflow: hidden; position: absolute; background: rgba(0,0,0,0.5); z-index: 1;\">\r\n<\/div>\r\n<section id=\"newDestacada\" class=\"module ApartadoSliderQuienes\" alt=\"Behavioral Economics\" style=\"background: url('https:\/\/salvettillombart.com\/wp-content\/uploads\/2025\/10\/07-Consumer-Models-.jpg'); height: 400px; background-size: cover; background-repeat: no-repeat;\">\r\n    <div class=\"col-md-12 nopadding\" style=\"z-index: 99!important;color: white!important;\">\r\n        <div class=\"container\">\r\n            <div class=\"row multi-columns-row post-columns textCenter\" style=\"margin-top: 85px;\">\r\n\r\n                <!-- Post item start -->\r\n                <div class=\"container\">\r\n                    <div class=\"row\">\r\n                        <div class=\"col-sm-1\"><\/div>\r\n                        <div class=\"col-sm-10\">\r\n                            <h1 class=\"TituloHomeH1\" style=\"text-transform: uppercase!important;\">Consumer Models<\/h1>\r\n                            <h2 class=\"TituloHomeTexto2\">Simplificamos la complejidad de los mercados en marcos de trabajo estrat\u00e9gicos que revelan lo que realmente impulsa las decisiones de los clientes y las \u00e1reas de oportunidad para el negocio\u200b<\/h2>\r\n                        <\/div>\r\n                        <div class=\"col-sm-1\"><\/div>\r\n                    <\/div>\r\n                <\/div>\r\n                <!-- Post item end -->\r\n            <\/div><!-- .row -->\r\n            <div class=\"clearfix\"><\/div> <br>\r\n        <\/div>\r\n    <\/div>\r\n<\/section>\r\n<div class=\"clearfix\"><\/div>\r\n\r\n<div class=\"col-md-12 nopadding\" style=\"padding: 50px 0!important;\">\r\n    <div class=\"container\">\r\n        <div class=\"col-md-6\">\r\n            <p class=\"SubSolucionesDesc\">\r\n\r\n\r\nEstamos especializados en definir marcos de trabajo que revelan los verdaderos impulsores de las din\u00e1micas del mercado, haciendo que realidades retadoras sean f\u00e1ciles de decodificar y accionar.<br><br>\r\nNuestros modelos de consumidor priorizan lo que realmente importa, dando estructura a estrategias de negocio ganadoras en el mercado.\r\n\r\n <\/p>\r\n\r\n        <\/div>\r\n        <div class=\"col-md-6 \">\r\n            <p class=\"SubSolucionesFrase1 textCenter\">\r\n\r\nEn entornos de mercado complejos con m\u00faltiples fuentes de datos y tendencias interrelacionadas, tener una visi\u00f3n global clara y coherente es clave para el \u00e9xito.\r\n\r\n\r\n<\/p><p style=\"display:none\">consumer models, consumer framework<\/p>\r\n        <\/div>\r\n    <\/div>\r\n<\/div>\r\n","protected":false},"excerpt":{"rendered":"<p>Consumer Models Simplificamos la complejidad de los mercados en marcos de trabajo estrat\u00e9gicos que revelan lo que realmente impulsa las decisiones de los clientes y las \u00e1reas de oportunidad para el negocio\u200b Estamos especializados en definir marcos de trabajo que revelan los verdaderos impulsores de las din\u00e1micas del mercado, haciendo que realidades retadoras sean f\u00e1ciles&hellip; <a class=\"more-link\" href=\"https:\/\/salvettillombart.com\/es\/soluciones\/consumer-models\/\">Seguir leyendo <span class=\"screen-reader-text\">Consumer Models<\/span><\/a><\/p>\n","protected":false},"author":1,"featured_media":767,"parent":385,"menu_order":0,"comment_status":"closed","ping_status":"closed","template":"","meta":{"footnotes":""},"class_list":["post-930","page","type-page","status-publish","has-post-thumbnail","hentry","entry"],"yoast_head":"<!-- This site is optimized with the Yoast SEO plugin v26.0 - https:\/\/yoast.com\/wordpress\/plugins\/seo\/ -->\n<title>Consumer Models - Salvetti Llombart<\/title>\n<meta name=\"robots\" content=\"index, follow, max-snippet:-1, max-image-preview:large, max-video-preview:-1\" \/>\n<link rel=\"canonical\" href=\"https:\/\/salvettillombart.com\/es\/soluciones\/consumer-models\/\" \/>\n<meta property=\"og:locale\" content=\"es_ES\" \/>\n<meta property=\"og:type\" content=\"article\" \/>\n<meta property=\"og:title\" content=\"Consumer Models - Salvetti Llombart\" \/>\n<meta property=\"og:description\" content=\"Consumer Models Simplificamos la complejidad de los mercados en marcos de trabajo estrat\u00e9gicos que revelan lo que realmente impulsa las decisiones de los clientes y las \u00e1reas de oportunidad para el negocio\u200b Estamos especializados en definir marcos de trabajo que revelan los verdaderos impulsores de las din\u00e1micas del mercado, haciendo que realidades retadoras sean f\u00e1ciles&hellip; Seguir leyendo Consumer Models\" \/>\n<meta property=\"og:url\" content=\"https:\/\/salvettillombart.com\/es\/soluciones\/consumer-models\/\" \/>\n<meta property=\"og:site_name\" content=\"Salvetti Llombart\" \/>\n<meta property=\"article:publisher\" content=\"https:\/\/www.linkedin.com\/company\/salvetti%26llombart\" \/>\n<meta property=\"article:modified_time\" content=\"2025-10-03T18:45:31+00:00\" \/>\n<meta property=\"og:image\" content=\"https:\/\/salvettillombart.com\/wp-content\/uploads\/2025\/10\/07-Consumer-Models-.jpg\" \/>\n\t<meta property=\"og:image:width\" content=\"2500\" \/>\n\t<meta property=\"og:image:height\" content=\"1401\" \/>\n\t<meta property=\"og:image:type\" content=\"image\/jpeg\" \/>\n<meta name=\"twitter:card\" content=\"summary_large_image\" \/>\n<meta name=\"twitter:label1\" content=\"Tiempo de lectura\" \/>\n\t<meta name=\"twitter:data1\" content=\"1 minuto\" \/>\n<script type=\"application\/ld+json\" class=\"yoast-schema-graph\">{\"@context\":\"https:\/\/schema.org\",\"@graph\":[{\"@type\":\"WebPage\",\"@id\":\"https:\/\/salvettillombart.com\/es\/soluciones\/consumer-models\/\",\"url\":\"https:\/\/salvettillombart.com\/es\/soluciones\/consumer-models\/\",\"name\":\"Consumer Models - Salvetti Llombart\",\"isPartOf\":{\"@id\":\"https:\/\/salvettillombart.com\/es\/#website\"},\"primaryImageOfPage\":{\"@id\":\"https:\/\/salvettillombart.com\/es\/soluciones\/consumer-models\/#primaryimage\"},\"image\":{\"@id\":\"https:\/\/salvettillombart.com\/es\/soluciones\/consumer-models\/#primaryimage\"},\"thumbnailUrl\":\"https:\/\/salvettillombart.com\/wp-content\/uploads\/2025\/10\/07-Consumer-Models-.jpg\",\"datePublished\":\"2025-10-02T20:34:40+00:00\",\"dateModified\":\"2025-10-03T18:45:31+00:00\",\"breadcrumb\":{\"@id\":\"https:\/\/salvettillombart.com\/es\/soluciones\/consumer-models\/#breadcrumb\"},\"inLanguage\":\"es\",\"potentialAction\":[{\"@type\":\"ReadAction\",\"target\":[\"https:\/\/salvettillombart.com\/es\/soluciones\/consumer-models\/\"]}]},{\"@type\":\"ImageObject\",\"inLanguage\":\"es\",\"@id\":\"https:\/\/salvettillombart.com\/es\/soluciones\/consumer-models\/#primaryimage\",\"url\":\"https:\/\/salvettillombart.com\/wp-content\/uploads\/2025\/10\/07-Consumer-Models-.jpg\",\"contentUrl\":\"https:\/\/salvettillombart.com\/wp-content\/uploads\/2025\/10\/07-Consumer-Models-.jpg\",\"width\":2500,\"height\":1401},{\"@type\":\"BreadcrumbList\",\"@id\":\"https:\/\/salvettillombart.com\/es\/soluciones\/consumer-models\/#breadcrumb\",\"itemListElement\":[{\"@type\":\"ListItem\",\"position\":1,\"name\":\"Home\",\"item\":\"https:\/\/salvettillombart.com\/es\/\"},{\"@type\":\"ListItem\",\"position\":2,\"name\":\"Soluciones\",\"item\":\"https:\/\/salvettillombart.com\/es\/soluciones\/\"},{\"@type\":\"ListItem\",\"position\":3,\"name\":\"Consumer Models\"}]},{\"@type\":\"WebSite\",\"@id\":\"https:\/\/salvettillombart.com\/es\/#website\",\"url\":\"https:\/\/salvettillombart.com\/es\/\",\"name\":\"Salvetti Llombart\",\"description\":\"Inspiring changes\",\"publisher\":{\"@id\":\"https:\/\/salvettillombart.com\/es\/#organization\"},\"potentialAction\":[{\"@type\":\"SearchAction\",\"target\":{\"@type\":\"EntryPoint\",\"urlTemplate\":\"https:\/\/salvettillombart.com\/es\/?s={search_term_string}\"},\"query-input\":{\"@type\":\"PropertyValueSpecification\",\"valueRequired\":true,\"valueName\":\"search_term_string\"}}],\"inLanguage\":\"es\"},{\"@type\":\"Organization\",\"@id\":\"https:\/\/salvettillombart.com\/es\/#organization\",\"name\":\"Salvetti Llombart\",\"url\":\"https:\/\/salvettillombart.com\/es\/\",\"logo\":{\"@type\":\"ImageObject\",\"inLanguage\":\"es\",\"@id\":\"https:\/\/salvettillombart.com\/es\/#\/schema\/logo\/image\/\",\"url\":\"https:\/\/salvettillombart.com\/wp-content\/uploads\/2025\/09\/logo-salvetti.png\",\"contentUrl\":\"https:\/\/salvettillombart.com\/wp-content\/uploads\/2025\/09\/logo-salvetti.png\",\"width\":516,\"height\":125,\"caption\":\"Salvetti Llombart\"},\"image\":{\"@id\":\"https:\/\/salvettillombart.com\/es\/#\/schema\/logo\/image\/\"},\"sameAs\":[\"https:\/\/www.linkedin.com\/company\/salvetti&llombart\"]}]}<\/script>\n<!-- \/ Yoast SEO plugin. -->","yoast_head_json":{"title":"Consumer Models - Salvetti Llombart","robots":{"index":"index","follow":"follow","max-snippet":"max-snippet:-1","max-image-preview":"max-image-preview:large","max-video-preview":"max-video-preview:-1"},"canonical":"https:\/\/salvettillombart.com\/es\/soluciones\/consumer-models\/","og_locale":"es_ES","og_type":"article","og_title":"Consumer Models - Salvetti Llombart","og_description":"Consumer Models Simplificamos la complejidad de los mercados en marcos de trabajo estrat\u00e9gicos que revelan lo que realmente impulsa las decisiones de los clientes y las \u00e1reas de oportunidad para el negocio\u200b Estamos especializados en definir marcos de trabajo que revelan los verdaderos impulsores de las din\u00e1micas del mercado, haciendo que realidades retadoras sean f\u00e1ciles&hellip; Seguir leyendo Consumer Models","og_url":"https:\/\/salvettillombart.com\/es\/soluciones\/consumer-models\/","og_site_name":"Salvetti Llombart","article_publisher":"https:\/\/www.linkedin.com\/company\/salvetti%26llombart","article_modified_time":"2025-10-03T18:45:31+00:00","og_image":[{"width":2500,"height":1401,"url":"https:\/\/salvettillombart.com\/wp-content\/uploads\/2025\/10\/07-Consumer-Models-.jpg","type":"image\/jpeg"}],"twitter_card":"summary_large_image","twitter_misc":{"Tiempo de lectura":"1 minuto"},"schema":{"@context":"https:\/\/schema.org","@graph":[{"@type":"WebPage","@id":"https:\/\/salvettillombart.com\/es\/soluciones\/consumer-models\/","url":"https:\/\/salvettillombart.com\/es\/soluciones\/consumer-models\/","name":"Consumer Models - Salvetti Llombart","isPartOf":{"@id":"https:\/\/salvettillombart.com\/es\/#website"},"primaryImageOfPage":{"@id":"https:\/\/salvettillombart.com\/es\/soluciones\/consumer-models\/#primaryimage"},"image":{"@id":"https:\/\/salvettillombart.com\/es\/soluciones\/consumer-models\/#primaryimage"},"thumbnailUrl":"https:\/\/salvettillombart.com\/wp-content\/uploads\/2025\/10\/07-Consumer-Models-.jpg","datePublished":"2025-10-02T20:34:40+00:00","dateModified":"2025-10-03T18:45:31+00:00","breadcrumb":{"@id":"https:\/\/salvettillombart.com\/es\/soluciones\/consumer-models\/#breadcrumb"},"inLanguage":"es","potentialAction":[{"@type":"ReadAction","target":["https:\/\/salvettillombart.com\/es\/soluciones\/consumer-models\/"]}]},{"@type":"ImageObject","inLanguage":"es","@id":"https:\/\/salvettillombart.com\/es\/soluciones\/consumer-models\/#primaryimage","url":"https:\/\/salvettillombart.com\/wp-content\/uploads\/2025\/10\/07-Consumer-Models-.jpg","contentUrl":"https:\/\/salvettillombart.com\/wp-content\/uploads\/2025\/10\/07-Consumer-Models-.jpg","width":2500,"height":1401},{"@type":"BreadcrumbList","@id":"https:\/\/salvettillombart.com\/es\/soluciones\/consumer-models\/#breadcrumb","itemListElement":[{"@type":"ListItem","position":1,"name":"Home","item":"https:\/\/salvettillombart.com\/es\/"},{"@type":"ListItem","position":2,"name":"Soluciones","item":"https:\/\/salvettillombart.com\/es\/soluciones\/"},{"@type":"ListItem","position":3,"name":"Consumer Models"}]},{"@type":"WebSite","@id":"https:\/\/salvettillombart.com\/es\/#website","url":"https:\/\/salvettillombart.com\/es\/","name":"Salvetti Llombart","description":"Inspiring changes","publisher":{"@id":"https:\/\/salvettillombart.com\/es\/#organization"},"potentialAction":[{"@type":"SearchAction","target":{"@type":"EntryPoint","urlTemplate":"https:\/\/salvettillombart.com\/es\/?s={search_term_string}"},"query-input":{"@type":"PropertyValueSpecification","valueRequired":true,"valueName":"search_term_string"}}],"inLanguage":"es"},{"@type":"Organization","@id":"https:\/\/salvettillombart.com\/es\/#organization","name":"Salvetti Llombart","url":"https:\/\/salvettillombart.com\/es\/","logo":{"@type":"ImageObject","inLanguage":"es","@id":"https:\/\/salvettillombart.com\/es\/#\/schema\/logo\/image\/","url":"https:\/\/salvettillombart.com\/wp-content\/uploads\/2025\/09\/logo-salvetti.png","contentUrl":"https:\/\/salvettillombart.com\/wp-content\/uploads\/2025\/09\/logo-salvetti.png","width":516,"height":125,"caption":"Salvetti Llombart"},"image":{"@id":"https:\/\/salvettillombart.com\/es\/#\/schema\/logo\/image\/"},"sameAs":["https:\/\/www.linkedin.com\/company\/salvetti&llombart"]}]}},"_links":{"self":[{"href":"https:\/\/salvettillombart.com\/es\/wp-json\/wp\/v2\/pages\/930","targetHints":{"allow":["GET"]}}],"collection":[{"href":"https:\/\/salvettillombart.com\/es\/wp-json\/wp\/v2\/pages"}],"about":[{"href":"https:\/\/salvettillombart.com\/es\/wp-json\/wp\/v2\/types\/page"}],"author":[{"embeddable":true,"href":"https:\/\/salvettillombart.com\/es\/wp-json\/wp\/v2\/users\/1"}],"replies":[{"embeddable":true,"href":"https:\/\/salvettillombart.com\/es\/wp-json\/wp\/v2\/comments?post=930"}],"version-history":[{"count":2,"href":"https:\/\/salvettillombart.com\/es\/wp-json\/wp\/v2\/pages\/930\/revisions"}],"predecessor-version":[{"id":946,"href":"https:\/\/salvettillombart.com\/es\/wp-json\/wp\/v2\/pages\/930\/revisions\/946"}],"up":[{"embeddable":true,"href":"https:\/\/salvettillombart.com\/es\/wp-json\/wp\/v2\/pages\/385"}],"wp:featuredmedia":[{"embeddable":true,"href":"https:\/\/salvettillombart.com\/es\/wp-json\/wp\/v2\/media\/767"}],"wp:attachment":[{"href":"https:\/\/salvettillombart.com\/es\/wp-json\/wp\/v2\/media?parent=930"}],"curies":[{"name":"wp","href":"https:\/\/api.w.org\/{rel}","templated":true}]}}