{"id":964,"date":"2025-10-03T19:00:52","date_gmt":"2025-10-03T19:00:52","guid":{"rendered":"https:\/\/salvettillombart.com\/?page_id=964"},"modified":"2025-10-03T19:00:52","modified_gmt":"2025-10-03T19:00:52","slug":"road-to-market-segmentation","status":"publish","type":"page","link":"https:\/\/salvettillombart.com\/es\/soluciones\/road-to-market-segmentation\/","title":{"rendered":"Road To Market Segmentation"},"content":{"rendered":"<div class=\"bgMask MarginTop0\" style=\"width: 100%; height: 400px; overflow: hidden; position: absolute; background: rgba(0,0,0,0.5); z-index: 1;\">\r\n<\/div>\r\n<section id=\"newDestacada\" class=\"module ApartadoSliderQuienes\" alt=\"Behavioral Economics\" style=\"background: url('https:\/\/salvettillombart.com\/wp-content\/uploads\/2025\/10\/06-Road-to-Market-Segmentations.jpg'); height: 400px; background-size: cover; background-repeat: no-repeat;\">\r\n    <div class=\"col-md-12 nopadding\" style=\"z-index: 99!important;color: white!important;\">\r\n        <div class=\"container\">\r\n            <div class=\"row multi-columns-row post-columns textCenter\" style=\"margin-top: 85px;\">\r\n\r\n                <!-- Post item start -->\r\n                <div class=\"container\">\r\n                    <div class=\"row\">\r\n                        <div class=\"col-sm-1\"><\/div>\r\n                        <div class=\"col-sm-10\">\r\n                            <h1 class=\"TituloHomeH1\" style=\"text-transform: uppercase!important;\">Road To Market Segmentation<\/h1>\r\n                            <h2 class=\"TituloHomeTexto2\">A partir de un profundo diagn\u00f3stico del mercado, definimos segmentaciones B2B y B2C s\u00f3lidas y accionables que gu\u00eden las estrategias de ventas, marketing e innovaci\u00f3n de tu negocio\u200b<\/h2>\r\n                        <\/div>\r\n                        <div class=\"col-sm-1\"><\/div>\r\n                    <\/div>\r\n                <\/div>\r\n                <!-- Post item end -->\r\n            <\/div><!-- .row -->\r\n            <div class=\"clearfix\"><\/div> <br>\r\n        <\/div>\r\n    <\/div>\r\n<\/section>\r\n<div class=\"clearfix\"><\/div>\r\n\r\n<div class=\"col-md-12 nopadding\" style=\"padding: 50px 0!important;\">\r\n    <div class=\"container\">\r\n        <div class=\"col-md-6\">\r\n            <p class=\"SubSolucionesDesc\">\r\n\r\n\r\nNuestras segmentaciones son metodol\u00f3gicamente rigurosas y s\u00f3lidas, adem\u00e1s de intuitivas y accionables para el negocio. Pueden construirse desde cero o evolucionar a partir de marcos existentes en la organizaci\u00f3n como Buyer Personas o Arquetipos.<br><br>\r\n\r\nNuestro apoyo va m\u00e1s all\u00e1 de desarrollar modelos de segmentaci\u00f3n, ayud\u00e1ndote a llevar la segmentaci\u00f3n a la pr\u00e1ctica del negocio, garantizando su despliegue completo en la base de clientes e integr\u00e1ndola como un marco de trabajo com\u00fan en toda tu organizaci\u00f3n.\r\n\r\n <\/p>\r\n\r\n        <\/div>\r\n        <div class=\"col-md-6 \">\r\n            <p class=\"SubSolucionesFrase1 textCenter\">\r\n\r\nAyudamos a marcas y organizaciones a desbloquear todo el potencial de una segmentaci\u00f3n B2C o B2B: desde comprender el mercado y su entorno competitivo hasta definir las estrategias de marketing, ventas, cartera de productos e innovaci\u00f3n.\r\n\r\n\r\n<\/p><p style=\"display:none\">B2C, B2B , segmentation,  Buyer Personas, Archetypes.<\/p>\r\n        <\/div>\r\n    <\/div>\r\n<\/div>\r\n","protected":false},"excerpt":{"rendered":"<p>Road To Market Segmentation A partir de un profundo diagn\u00f3stico del mercado, definimos segmentaciones B2B y B2C s\u00f3lidas y accionables que gu\u00eden las estrategias de ventas, marketing e innovaci\u00f3n de tu negocio\u200b Nuestras segmentaciones son metodol\u00f3gicamente rigurosas y s\u00f3lidas, adem\u00e1s de intuitivas y accionables para el negocio. Pueden construirse desde cero o evolucionar a partir&hellip; <a class=\"more-link\" href=\"https:\/\/salvettillombart.com\/es\/soluciones\/road-to-market-segmentation\/\">Seguir leyendo <span class=\"screen-reader-text\">Road To Market Segmentation<\/span><\/a><\/p>\n","protected":false},"author":1,"featured_media":765,"parent":385,"menu_order":0,"comment_status":"closed","ping_status":"closed","template":"","meta":{"footnotes":""},"class_list":["post-964","page","type-page","status-publish","has-post-thumbnail","hentry","entry"],"yoast_head":"<!-- This site is optimized with the Yoast SEO plugin v26.0 - https:\/\/yoast.com\/wordpress\/plugins\/seo\/ -->\n<title>Road To Market Segmentation - Salvetti Llombart<\/title>\n<meta name=\"robots\" content=\"index, follow, max-snippet:-1, max-image-preview:large, max-video-preview:-1\" \/>\n<link rel=\"canonical\" href=\"https:\/\/salvettillombart.com\/es\/soluciones\/road-to-market-segmentation\/\" \/>\n<meta property=\"og:locale\" content=\"es_ES\" \/>\n<meta property=\"og:type\" content=\"article\" \/>\n<meta property=\"og:title\" content=\"Road To Market Segmentation - Salvetti Llombart\" \/>\n<meta property=\"og:description\" content=\"Road To Market Segmentation A partir de un profundo diagn\u00f3stico del mercado, definimos segmentaciones B2B y B2C s\u00f3lidas y accionables que gu\u00eden las estrategias de ventas, marketing e innovaci\u00f3n de tu negocio\u200b Nuestras segmentaciones son metodol\u00f3gicamente rigurosas y s\u00f3lidas, adem\u00e1s de intuitivas y accionables para el negocio. Pueden construirse desde cero o evolucionar a partir&hellip; Seguir leyendo Road To Market Segmentation\" \/>\n<meta property=\"og:url\" content=\"https:\/\/salvettillombart.com\/es\/soluciones\/road-to-market-segmentation\/\" \/>\n<meta property=\"og:site_name\" content=\"Salvetti Llombart\" \/>\n<meta property=\"article:publisher\" content=\"https:\/\/www.linkedin.com\/company\/salvetti%26llombart\" \/>\n<meta property=\"og:image\" content=\"https:\/\/salvettillombart.com\/wp-content\/uploads\/2025\/10\/06-Road-to-Market-Segmentations.jpg\" \/>\n\t<meta property=\"og:image:width\" content=\"2500\" \/>\n\t<meta property=\"og:image:height\" content=\"1530\" \/>\n\t<meta property=\"og:image:type\" content=\"image\/jpeg\" \/>\n<meta name=\"twitter:card\" content=\"summary_large_image\" \/>\n<script type=\"application\/ld+json\" class=\"yoast-schema-graph\">{\"@context\":\"https:\/\/schema.org\",\"@graph\":[{\"@type\":\"WebPage\",\"@id\":\"https:\/\/salvettillombart.com\/es\/soluciones\/road-to-market-segmentation\/\",\"url\":\"https:\/\/salvettillombart.com\/es\/soluciones\/road-to-market-segmentation\/\",\"name\":\"Road To Market Segmentation - Salvetti Llombart\",\"isPartOf\":{\"@id\":\"https:\/\/salvettillombart.com\/es\/#website\"},\"primaryImageOfPage\":{\"@id\":\"https:\/\/salvettillombart.com\/es\/soluciones\/road-to-market-segmentation\/#primaryimage\"},\"image\":{\"@id\":\"https:\/\/salvettillombart.com\/es\/soluciones\/road-to-market-segmentation\/#primaryimage\"},\"thumbnailUrl\":\"https:\/\/salvettillombart.com\/wp-content\/uploads\/2025\/10\/06-Road-to-Market-Segmentations.jpg\",\"datePublished\":\"2025-10-03T19:00:52+00:00\",\"breadcrumb\":{\"@id\":\"https:\/\/salvettillombart.com\/es\/soluciones\/road-to-market-segmentation\/#breadcrumb\"},\"inLanguage\":\"es\",\"potentialAction\":[{\"@type\":\"ReadAction\",\"target\":[\"https:\/\/salvettillombart.com\/es\/soluciones\/road-to-market-segmentation\/\"]}]},{\"@type\":\"ImageObject\",\"inLanguage\":\"es\",\"@id\":\"https:\/\/salvettillombart.com\/es\/soluciones\/road-to-market-segmentation\/#primaryimage\",\"url\":\"https:\/\/salvettillombart.com\/wp-content\/uploads\/2025\/10\/06-Road-to-Market-Segmentations.jpg\",\"contentUrl\":\"https:\/\/salvettillombart.com\/wp-content\/uploads\/2025\/10\/06-Road-to-Market-Segmentations.jpg\",\"width\":2500,\"height\":1530},{\"@type\":\"BreadcrumbList\",\"@id\":\"https:\/\/salvettillombart.com\/es\/soluciones\/road-to-market-segmentation\/#breadcrumb\",\"itemListElement\":[{\"@type\":\"ListItem\",\"position\":1,\"name\":\"Home\",\"item\":\"https:\/\/salvettillombart.com\/es\/\"},{\"@type\":\"ListItem\",\"position\":2,\"name\":\"Soluciones\",\"item\":\"https:\/\/salvettillombart.com\/es\/soluciones\/\"},{\"@type\":\"ListItem\",\"position\":3,\"name\":\"Road To Market Segmentation\"}]},{\"@type\":\"WebSite\",\"@id\":\"https:\/\/salvettillombart.com\/es\/#website\",\"url\":\"https:\/\/salvettillombart.com\/es\/\",\"name\":\"Salvetti Llombart\",\"description\":\"Inspiring changes\",\"publisher\":{\"@id\":\"https:\/\/salvettillombart.com\/es\/#organization\"},\"potentialAction\":[{\"@type\":\"SearchAction\",\"target\":{\"@type\":\"EntryPoint\",\"urlTemplate\":\"https:\/\/salvettillombart.com\/es\/?s={search_term_string}\"},\"query-input\":{\"@type\":\"PropertyValueSpecification\",\"valueRequired\":true,\"valueName\":\"search_term_string\"}}],\"inLanguage\":\"es\"},{\"@type\":\"Organization\",\"@id\":\"https:\/\/salvettillombart.com\/es\/#organization\",\"name\":\"Salvetti Llombart\",\"url\":\"https:\/\/salvettillombart.com\/es\/\",\"logo\":{\"@type\":\"ImageObject\",\"inLanguage\":\"es\",\"@id\":\"https:\/\/salvettillombart.com\/es\/#\/schema\/logo\/image\/\",\"url\":\"https:\/\/salvettillombart.com\/wp-content\/uploads\/2025\/09\/logo-salvetti.png\",\"contentUrl\":\"https:\/\/salvettillombart.com\/wp-content\/uploads\/2025\/09\/logo-salvetti.png\",\"width\":516,\"height\":125,\"caption\":\"Salvetti Llombart\"},\"image\":{\"@id\":\"https:\/\/salvettillombart.com\/es\/#\/schema\/logo\/image\/\"},\"sameAs\":[\"https:\/\/www.linkedin.com\/company\/salvetti&llombart\"]}]}<\/script>\n<!-- \/ Yoast SEO plugin. -->","yoast_head_json":{"title":"Road To Market Segmentation - Salvetti Llombart","robots":{"index":"index","follow":"follow","max-snippet":"max-snippet:-1","max-image-preview":"max-image-preview:large","max-video-preview":"max-video-preview:-1"},"canonical":"https:\/\/salvettillombart.com\/es\/soluciones\/road-to-market-segmentation\/","og_locale":"es_ES","og_type":"article","og_title":"Road To Market Segmentation - Salvetti Llombart","og_description":"Road To Market Segmentation A partir de un profundo diagn\u00f3stico del mercado, definimos segmentaciones B2B y B2C s\u00f3lidas y accionables que gu\u00eden las estrategias de ventas, marketing e innovaci\u00f3n de tu negocio\u200b Nuestras segmentaciones son metodol\u00f3gicamente rigurosas y s\u00f3lidas, adem\u00e1s de intuitivas y accionables para el negocio. Pueden construirse desde cero o evolucionar a partir&hellip; Seguir leyendo Road To Market Segmentation","og_url":"https:\/\/salvettillombart.com\/es\/soluciones\/road-to-market-segmentation\/","og_site_name":"Salvetti Llombart","article_publisher":"https:\/\/www.linkedin.com\/company\/salvetti%26llombart","og_image":[{"width":2500,"height":1530,"url":"https:\/\/salvettillombart.com\/wp-content\/uploads\/2025\/10\/06-Road-to-Market-Segmentations.jpg","type":"image\/jpeg"}],"twitter_card":"summary_large_image","schema":{"@context":"https:\/\/schema.org","@graph":[{"@type":"WebPage","@id":"https:\/\/salvettillombart.com\/es\/soluciones\/road-to-market-segmentation\/","url":"https:\/\/salvettillombart.com\/es\/soluciones\/road-to-market-segmentation\/","name":"Road To Market Segmentation - Salvetti Llombart","isPartOf":{"@id":"https:\/\/salvettillombart.com\/es\/#website"},"primaryImageOfPage":{"@id":"https:\/\/salvettillombart.com\/es\/soluciones\/road-to-market-segmentation\/#primaryimage"},"image":{"@id":"https:\/\/salvettillombart.com\/es\/soluciones\/road-to-market-segmentation\/#primaryimage"},"thumbnailUrl":"https:\/\/salvettillombart.com\/wp-content\/uploads\/2025\/10\/06-Road-to-Market-Segmentations.jpg","datePublished":"2025-10-03T19:00:52+00:00","breadcrumb":{"@id":"https:\/\/salvettillombart.com\/es\/soluciones\/road-to-market-segmentation\/#breadcrumb"},"inLanguage":"es","potentialAction":[{"@type":"ReadAction","target":["https:\/\/salvettillombart.com\/es\/soluciones\/road-to-market-segmentation\/"]}]},{"@type":"ImageObject","inLanguage":"es","@id":"https:\/\/salvettillombart.com\/es\/soluciones\/road-to-market-segmentation\/#primaryimage","url":"https:\/\/salvettillombart.com\/wp-content\/uploads\/2025\/10\/06-Road-to-Market-Segmentations.jpg","contentUrl":"https:\/\/salvettillombart.com\/wp-content\/uploads\/2025\/10\/06-Road-to-Market-Segmentations.jpg","width":2500,"height":1530},{"@type":"BreadcrumbList","@id":"https:\/\/salvettillombart.com\/es\/soluciones\/road-to-market-segmentation\/#breadcrumb","itemListElement":[{"@type":"ListItem","position":1,"name":"Home","item":"https:\/\/salvettillombart.com\/es\/"},{"@type":"ListItem","position":2,"name":"Soluciones","item":"https:\/\/salvettillombart.com\/es\/soluciones\/"},{"@type":"ListItem","position":3,"name":"Road To Market Segmentation"}]},{"@type":"WebSite","@id":"https:\/\/salvettillombart.com\/es\/#website","url":"https:\/\/salvettillombart.com\/es\/","name":"Salvetti Llombart","description":"Inspiring changes","publisher":{"@id":"https:\/\/salvettillombart.com\/es\/#organization"},"potentialAction":[{"@type":"SearchAction","target":{"@type":"EntryPoint","urlTemplate":"https:\/\/salvettillombart.com\/es\/?s={search_term_string}"},"query-input":{"@type":"PropertyValueSpecification","valueRequired":true,"valueName":"search_term_string"}}],"inLanguage":"es"},{"@type":"Organization","@id":"https:\/\/salvettillombart.com\/es\/#organization","name":"Salvetti Llombart","url":"https:\/\/salvettillombart.com\/es\/","logo":{"@type":"ImageObject","inLanguage":"es","@id":"https:\/\/salvettillombart.com\/es\/#\/schema\/logo\/image\/","url":"https:\/\/salvettillombart.com\/wp-content\/uploads\/2025\/09\/logo-salvetti.png","contentUrl":"https:\/\/salvettillombart.com\/wp-content\/uploads\/2025\/09\/logo-salvetti.png","width":516,"height":125,"caption":"Salvetti Llombart"},"image":{"@id":"https:\/\/salvettillombart.com\/es\/#\/schema\/logo\/image\/"},"sameAs":["https:\/\/www.linkedin.com\/company\/salvetti&llombart"]}]}},"_links":{"self":[{"href":"https:\/\/salvettillombart.com\/es\/wp-json\/wp\/v2\/pages\/964","targetHints":{"allow":["GET"]}}],"collection":[{"href":"https:\/\/salvettillombart.com\/es\/wp-json\/wp\/v2\/pages"}],"about":[{"href":"https:\/\/salvettillombart.com\/es\/wp-json\/wp\/v2\/types\/page"}],"author":[{"embeddable":true,"href":"https:\/\/salvettillombart.com\/es\/wp-json\/wp\/v2\/users\/1"}],"replies":[{"embeddable":true,"href":"https:\/\/salvettillombart.com\/es\/wp-json\/wp\/v2\/comments?post=964"}],"version-history":[{"count":1,"href":"https:\/\/salvettillombart.com\/es\/wp-json\/wp\/v2\/pages\/964\/revisions"}],"predecessor-version":[{"id":965,"href":"https:\/\/salvettillombart.com\/es\/wp-json\/wp\/v2\/pages\/964\/revisions\/965"}],"up":[{"embeddable":true,"href":"https:\/\/salvettillombart.com\/es\/wp-json\/wp\/v2\/pages\/385"}],"wp:featuredmedia":[{"embeddable":true,"href":"https:\/\/salvettillombart.com\/es\/wp-json\/wp\/v2\/media\/765"}],"wp:attachment":[{"href":"https:\/\/salvettillombart.com\/es\/wp-json\/wp\/v2\/media?parent=964"}],"curies":[{"name":"wp","href":"https:\/\/api.w.org\/{rel}","templated":true}]}}