{"id":968,"date":"2025-10-03T19:02:49","date_gmt":"2025-10-03T19:02:49","guid":{"rendered":"https:\/\/salvettillombart.com\/?page_id=968"},"modified":"2025-10-03T19:02:49","modified_gmt":"2025-10-03T19:02:49","slug":"hybrid-insights","status":"publish","type":"page","link":"https:\/\/salvettillombart.com\/es\/soluciones\/hybrid-insights\/","title":{"rendered":"Hybrid insights"},"content":{"rendered":"<div class=\"bgMask MarginTop0\" style=\"width: 100%; height: 400px; overflow: hidden; position: absolute; background: rgba(0,0,0,0.5); z-index: 1;\">\r\n<\/div>\r\n<section id=\"newDestacada\" class=\"module ApartadoSliderQuienes\" alt=\"Behavioral Economics\" style=\"background: url('https:\/\/salvettillombart.com\/wp-content\/uploads\/2025\/10\/10-v1-Hybrid-Insights.jpg'); height: 400px; background-size: cover; background-repeat: no-repeat;\">\r\n    <div class=\"col-md-12 nopadding\" style=\"z-index: 99!important;color: white!important;\">\r\n        <div class=\"container\">\r\n            <div class=\"row multi-columns-row post-columns textCenter\" style=\"margin-top: 85px;\">\r\n\r\n                <!-- Post item start -->\r\n                <div class=\"container\">\r\n                    <div class=\"row\">\r\n                        <div class=\"col-sm-1\"><\/div>\r\n                        <div class=\"col-sm-10\">\r\n\r\n<h1 class=\"TituloHomeH1\" style=\"text-transform: uppercase!important;\">Hybrid insights<\/h1>\r\n\r\n                            <h2 class=\"TituloHomeTexto2\">Una forma r\u00e1pida y eficiente de combinar el \u201cpor qu\u00e9\u201d de la metodolog\u00eda cualitativa con el \u201ccu\u00e1ntos\u201d de la investigaci\u00f3n cuantitativa\u200b<\/h2>\r\n                        <\/div>\r\n                        <div class=\"col-sm-1\"><\/div>\r\n                    <\/div>\r\n                <\/div>\r\n                <!-- Post item end -->\r\n            <\/div><!-- .row -->\r\n            <div class=\"clearfix\"><\/div> <br>\r\n        <\/div>\r\n    <\/div>\r\n<\/section>\r\n<div class=\"clearfix\"><\/div>\r\n\r\n<div class=\"col-md-12 nopadding\" style=\"padding: 50px 0!important;\">\r\n    <div class=\"container\">\r\n        <div class=\"col-md-6\">\r\n            <p class=\"SubSolucionesDesc\">\r\n\r\nLos estudios est\u00e1n moderados por expertos analistas humanos para garantizar profundidad y se apoyan en herramientas de IA para acelerar el an\u00e1lisis y entrega de los insights clave.<br><br>\r\n\r\nEsta combinaci\u00f3n \u00fanica genera conclusiones basadas en datos, enriquecidas con un s\u00f3lido razonamiento cualitativo: convertimos los datos num\u00e9ricos en un story telling de valor y accionable.<br><br>\r\n\r\nEl resultado es un diagn\u00f3stico potente, r\u00e1pido y eficiente en costes para testar nuevas propuestas de comunicaci\u00f3n y de producto y para detectar \u00e1reas cr\u00edticas y de oportunidad antes de un lanzamiento.\r\n\r\n <\/p>\r\n\r\n        <\/div>\r\n        <div class=\"col-md-6 \">\r\n            <p class=\"SubSolucionesFrase1 textCenter\">\r\n\r\nHemos desarrollado una nueva soluci\u00f3n de investigaci\u00f3n h\u00edbrida que combina la riqueza de los insights cualitativos con la robustez de los tama\u00f1os muestrales cuantitativos, capturando los KPI m\u00e1s relevantes para la toma de decisiones.\r\n\r\n<\/p><p style=\"display:none\">hybrid, AI, communication test, concept test, product test, concept test<\/p>\r\n        <\/div>\r\n    <\/div>\r\n<\/div>\r\n","protected":false},"excerpt":{"rendered":"<p>Hybrid insights Una forma r\u00e1pida y eficiente de combinar el \u201cpor qu\u00e9\u201d de la metodolog\u00eda cualitativa con el \u201ccu\u00e1ntos\u201d de la investigaci\u00f3n cuantitativa\u200b Los estudios est\u00e1n moderados por expertos analistas humanos para garantizar profundidad y se apoyan en herramientas de IA para acelerar el an\u00e1lisis y entrega de los insights clave. Esta combinaci\u00f3n \u00fanica genera&hellip; <a class=\"more-link\" href=\"https:\/\/salvettillombart.com\/es\/soluciones\/hybrid-insights\/\">Seguir leyendo <span class=\"screen-reader-text\">Hybrid insights<\/span><\/a><\/p>\n","protected":false},"author":1,"featured_media":773,"parent":385,"menu_order":0,"comment_status":"closed","ping_status":"closed","template":"","meta":{"footnotes":""},"class_list":["post-968","page","type-page","status-publish","has-post-thumbnail","hentry","entry"],"yoast_head":"<!-- This site is optimized with the Yoast SEO plugin v26.0 - https:\/\/yoast.com\/wordpress\/plugins\/seo\/ -->\n<title>Hybrid insights - Salvetti Llombart<\/title>\n<meta name=\"robots\" content=\"index, follow, max-snippet:-1, max-image-preview:large, max-video-preview:-1\" \/>\n<link rel=\"canonical\" href=\"https:\/\/salvettillombart.com\/es\/soluciones\/hybrid-insights\/\" \/>\n<meta property=\"og:locale\" content=\"es_ES\" \/>\n<meta property=\"og:type\" content=\"article\" \/>\n<meta property=\"og:title\" content=\"Hybrid insights - Salvetti Llombart\" \/>\n<meta property=\"og:description\" content=\"Hybrid insights Una forma r\u00e1pida y eficiente de combinar el \u201cpor qu\u00e9\u201d de la metodolog\u00eda cualitativa con el \u201ccu\u00e1ntos\u201d de la investigaci\u00f3n cuantitativa\u200b Los estudios est\u00e1n moderados por expertos analistas humanos para garantizar profundidad y se apoyan en herramientas de IA para acelerar el an\u00e1lisis y entrega de los insights clave. Esta combinaci\u00f3n \u00fanica genera&hellip; Seguir leyendo Hybrid insights\" \/>\n<meta property=\"og:url\" content=\"https:\/\/salvettillombart.com\/es\/soluciones\/hybrid-insights\/\" \/>\n<meta property=\"og:site_name\" content=\"Salvetti Llombart\" \/>\n<meta property=\"article:publisher\" content=\"https:\/\/www.linkedin.com\/company\/salvetti%26llombart\" \/>\n<meta property=\"og:image\" content=\"https:\/\/salvettillombart.com\/wp-content\/uploads\/2025\/10\/10-v1-Hybrid-Insights.jpg\" \/>\n\t<meta property=\"og:image:width\" content=\"2500\" \/>\n\t<meta property=\"og:image:height\" content=\"970\" \/>\n\t<meta property=\"og:image:type\" content=\"image\/jpeg\" \/>\n<meta name=\"twitter:card\" content=\"summary_large_image\" \/>\n<script type=\"application\/ld+json\" class=\"yoast-schema-graph\">{\"@context\":\"https:\/\/schema.org\",\"@graph\":[{\"@type\":\"WebPage\",\"@id\":\"https:\/\/salvettillombart.com\/es\/soluciones\/hybrid-insights\/\",\"url\":\"https:\/\/salvettillombart.com\/es\/soluciones\/hybrid-insights\/\",\"name\":\"Hybrid insights - Salvetti Llombart\",\"isPartOf\":{\"@id\":\"https:\/\/salvettillombart.com\/es\/#website\"},\"primaryImageOfPage\":{\"@id\":\"https:\/\/salvettillombart.com\/es\/soluciones\/hybrid-insights\/#primaryimage\"},\"image\":{\"@id\":\"https:\/\/salvettillombart.com\/es\/soluciones\/hybrid-insights\/#primaryimage\"},\"thumbnailUrl\":\"https:\/\/salvettillombart.com\/wp-content\/uploads\/2025\/10\/10-v1-Hybrid-Insights.jpg\",\"datePublished\":\"2025-10-03T19:02:49+00:00\",\"breadcrumb\":{\"@id\":\"https:\/\/salvettillombart.com\/es\/soluciones\/hybrid-insights\/#breadcrumb\"},\"inLanguage\":\"es\",\"potentialAction\":[{\"@type\":\"ReadAction\",\"target\":[\"https:\/\/salvettillombart.com\/es\/soluciones\/hybrid-insights\/\"]}]},{\"@type\":\"ImageObject\",\"inLanguage\":\"es\",\"@id\":\"https:\/\/salvettillombart.com\/es\/soluciones\/hybrid-insights\/#primaryimage\",\"url\":\"https:\/\/salvettillombart.com\/wp-content\/uploads\/2025\/10\/10-v1-Hybrid-Insights.jpg\",\"contentUrl\":\"https:\/\/salvettillombart.com\/wp-content\/uploads\/2025\/10\/10-v1-Hybrid-Insights.jpg\",\"width\":2500,\"height\":970},{\"@type\":\"BreadcrumbList\",\"@id\":\"https:\/\/salvettillombart.com\/es\/soluciones\/hybrid-insights\/#breadcrumb\",\"itemListElement\":[{\"@type\":\"ListItem\",\"position\":1,\"name\":\"Home\",\"item\":\"https:\/\/salvettillombart.com\/es\/\"},{\"@type\":\"ListItem\",\"position\":2,\"name\":\"Soluciones\",\"item\":\"https:\/\/salvettillombart.com\/es\/soluciones\/\"},{\"@type\":\"ListItem\",\"position\":3,\"name\":\"Hybrid insights\"}]},{\"@type\":\"WebSite\",\"@id\":\"https:\/\/salvettillombart.com\/es\/#website\",\"url\":\"https:\/\/salvettillombart.com\/es\/\",\"name\":\"Salvetti Llombart\",\"description\":\"Inspiring changes\",\"publisher\":{\"@id\":\"https:\/\/salvettillombart.com\/es\/#organization\"},\"potentialAction\":[{\"@type\":\"SearchAction\",\"target\":{\"@type\":\"EntryPoint\",\"urlTemplate\":\"https:\/\/salvettillombart.com\/es\/?s={search_term_string}\"},\"query-input\":{\"@type\":\"PropertyValueSpecification\",\"valueRequired\":true,\"valueName\":\"search_term_string\"}}],\"inLanguage\":\"es\"},{\"@type\":\"Organization\",\"@id\":\"https:\/\/salvettillombart.com\/es\/#organization\",\"name\":\"Salvetti Llombart\",\"url\":\"https:\/\/salvettillombart.com\/es\/\",\"logo\":{\"@type\":\"ImageObject\",\"inLanguage\":\"es\",\"@id\":\"https:\/\/salvettillombart.com\/es\/#\/schema\/logo\/image\/\",\"url\":\"https:\/\/salvettillombart.com\/wp-content\/uploads\/2025\/09\/logo-salvetti.png\",\"contentUrl\":\"https:\/\/salvettillombart.com\/wp-content\/uploads\/2025\/09\/logo-salvetti.png\",\"width\":516,\"height\":125,\"caption\":\"Salvetti Llombart\"},\"image\":{\"@id\":\"https:\/\/salvettillombart.com\/es\/#\/schema\/logo\/image\/\"},\"sameAs\":[\"https:\/\/www.linkedin.com\/company\/salvetti&llombart\"]}]}<\/script>\n<!-- \/ Yoast SEO plugin. -->","yoast_head_json":{"title":"Hybrid insights - Salvetti Llombart","robots":{"index":"index","follow":"follow","max-snippet":"max-snippet:-1","max-image-preview":"max-image-preview:large","max-video-preview":"max-video-preview:-1"},"canonical":"https:\/\/salvettillombart.com\/es\/soluciones\/hybrid-insights\/","og_locale":"es_ES","og_type":"article","og_title":"Hybrid insights - Salvetti Llombart","og_description":"Hybrid insights Una forma r\u00e1pida y eficiente de combinar el \u201cpor qu\u00e9\u201d de la metodolog\u00eda cualitativa con el \u201ccu\u00e1ntos\u201d de la investigaci\u00f3n cuantitativa\u200b Los estudios est\u00e1n moderados por expertos analistas humanos para garantizar profundidad y se apoyan en herramientas de IA para acelerar el an\u00e1lisis y entrega de los insights clave. Esta combinaci\u00f3n \u00fanica genera&hellip; Seguir leyendo Hybrid insights","og_url":"https:\/\/salvettillombart.com\/es\/soluciones\/hybrid-insights\/","og_site_name":"Salvetti Llombart","article_publisher":"https:\/\/www.linkedin.com\/company\/salvetti%26llombart","og_image":[{"width":2500,"height":970,"url":"https:\/\/salvettillombart.com\/wp-content\/uploads\/2025\/10\/10-v1-Hybrid-Insights.jpg","type":"image\/jpeg"}],"twitter_card":"summary_large_image","schema":{"@context":"https:\/\/schema.org","@graph":[{"@type":"WebPage","@id":"https:\/\/salvettillombart.com\/es\/soluciones\/hybrid-insights\/","url":"https:\/\/salvettillombart.com\/es\/soluciones\/hybrid-insights\/","name":"Hybrid insights - Salvetti Llombart","isPartOf":{"@id":"https:\/\/salvettillombart.com\/es\/#website"},"primaryImageOfPage":{"@id":"https:\/\/salvettillombart.com\/es\/soluciones\/hybrid-insights\/#primaryimage"},"image":{"@id":"https:\/\/salvettillombart.com\/es\/soluciones\/hybrid-insights\/#primaryimage"},"thumbnailUrl":"https:\/\/salvettillombart.com\/wp-content\/uploads\/2025\/10\/10-v1-Hybrid-Insights.jpg","datePublished":"2025-10-03T19:02:49+00:00","breadcrumb":{"@id":"https:\/\/salvettillombart.com\/es\/soluciones\/hybrid-insights\/#breadcrumb"},"inLanguage":"es","potentialAction":[{"@type":"ReadAction","target":["https:\/\/salvettillombart.com\/es\/soluciones\/hybrid-insights\/"]}]},{"@type":"ImageObject","inLanguage":"es","@id":"https:\/\/salvettillombart.com\/es\/soluciones\/hybrid-insights\/#primaryimage","url":"https:\/\/salvettillombart.com\/wp-content\/uploads\/2025\/10\/10-v1-Hybrid-Insights.jpg","contentUrl":"https:\/\/salvettillombart.com\/wp-content\/uploads\/2025\/10\/10-v1-Hybrid-Insights.jpg","width":2500,"height":970},{"@type":"BreadcrumbList","@id":"https:\/\/salvettillombart.com\/es\/soluciones\/hybrid-insights\/#breadcrumb","itemListElement":[{"@type":"ListItem","position":1,"name":"Home","item":"https:\/\/salvettillombart.com\/es\/"},{"@type":"ListItem","position":2,"name":"Soluciones","item":"https:\/\/salvettillombart.com\/es\/soluciones\/"},{"@type":"ListItem","position":3,"name":"Hybrid insights"}]},{"@type":"WebSite","@id":"https:\/\/salvettillombart.com\/es\/#website","url":"https:\/\/salvettillombart.com\/es\/","name":"Salvetti Llombart","description":"Inspiring changes","publisher":{"@id":"https:\/\/salvettillombart.com\/es\/#organization"},"potentialAction":[{"@type":"SearchAction","target":{"@type":"EntryPoint","urlTemplate":"https:\/\/salvettillombart.com\/es\/?s={search_term_string}"},"query-input":{"@type":"PropertyValueSpecification","valueRequired":true,"valueName":"search_term_string"}}],"inLanguage":"es"},{"@type":"Organization","@id":"https:\/\/salvettillombart.com\/es\/#organization","name":"Salvetti Llombart","url":"https:\/\/salvettillombart.com\/es\/","logo":{"@type":"ImageObject","inLanguage":"es","@id":"https:\/\/salvettillombart.com\/es\/#\/schema\/logo\/image\/","url":"https:\/\/salvettillombart.com\/wp-content\/uploads\/2025\/09\/logo-salvetti.png","contentUrl":"https:\/\/salvettillombart.com\/wp-content\/uploads\/2025\/09\/logo-salvetti.png","width":516,"height":125,"caption":"Salvetti Llombart"},"image":{"@id":"https:\/\/salvettillombart.com\/es\/#\/schema\/logo\/image\/"},"sameAs":["https:\/\/www.linkedin.com\/company\/salvetti&llombart"]}]}},"_links":{"self":[{"href":"https:\/\/salvettillombart.com\/es\/wp-json\/wp\/v2\/pages\/968","targetHints":{"allow":["GET"]}}],"collection":[{"href":"https:\/\/salvettillombart.com\/es\/wp-json\/wp\/v2\/pages"}],"about":[{"href":"https:\/\/salvettillombart.com\/es\/wp-json\/wp\/v2\/types\/page"}],"author":[{"embeddable":true,"href":"https:\/\/salvettillombart.com\/es\/wp-json\/wp\/v2\/users\/1"}],"replies":[{"embeddable":true,"href":"https:\/\/salvettillombart.com\/es\/wp-json\/wp\/v2\/comments?post=968"}],"version-history":[{"count":1,"href":"https:\/\/salvettillombart.com\/es\/wp-json\/wp\/v2\/pages\/968\/revisions"}],"predecessor-version":[{"id":969,"href":"https:\/\/salvettillombart.com\/es\/wp-json\/wp\/v2\/pages\/968\/revisions\/969"}],"up":[{"embeddable":true,"href":"https:\/\/salvettillombart.com\/es\/wp-json\/wp\/v2\/pages\/385"}],"wp:featuredmedia":[{"embeddable":true,"href":"https:\/\/salvettillombart.com\/es\/wp-json\/wp\/v2\/media\/773"}],"wp:attachment":[{"href":"https:\/\/salvettillombart.com\/es\/wp-json\/wp\/v2\/media?parent=968"}],"curies":[{"name":"wp","href":"https:\/\/api.w.org\/{rel}","templated":true}]}}