{"id":975,"date":"2025-10-03T19:04:17","date_gmt":"2025-10-03T19:04:17","guid":{"rendered":"https:\/\/salvettillombart.com\/?page_id=975"},"modified":"2025-10-03T19:04:17","modified_gmt":"2025-10-03T19:04:17","slug":"demand-spaces","status":"publish","type":"page","link":"https:\/\/salvettillombart.com\/es\/soluciones\/demand-spaces\/","title":{"rendered":"Demand Spaces"},"content":{"rendered":"<div class=\"bgMask MarginTop0\" style=\"width: 100%; height: 400px; overflow: hidden; position: absolute; background: rgba(0,0,0,0.5); z-index: 1;\">\r\n<\/div>\r\n<section id=\"newDestacada\" class=\"module ApartadoSliderQuienes\" alt=\"Behavioral Economics\" style=\"background: url('https:\/\/salvettillombart.com\/wp-content\/uploads\/2025\/10\/12-Demand-Spaces-.jpg'); height: 400px; background-size: cover; background-repeat: no-repeat;\">\r\n    <div class=\"col-md-12 nopadding\" style=\"z-index: 99!important;color: white!important;\">\r\n        <div class=\"container\">\r\n            <div class=\"row multi-columns-row post-columns textCenter\" style=\"margin-top: 85px;\">\r\n\r\n                <!-- Post item start -->\r\n                <div class=\"container\">\r\n                    <div class=\"row\">\r\n                        <div class=\"col-sm-1\"><\/div>\r\n                        <div class=\"col-sm-10\">\r\n\r\n<h1 class=\"TituloHomeH1\" style=\"text-transform: uppercase!important;\">Demand Spaces<\/h1>\r\n\r\n                            <h2 class=\"TituloHomeTexto2\">Mapeamos cu\u00e1ndo, d\u00f3nde y por qu\u00e9 compran los consumidores descubriendo espacios sin explotar y oportunidades de crecimiento para tu marca\u200b<\/h2>\r\n                        <\/div>\r\n                        <div class=\"col-sm-1\"><\/div>\r\n                    <\/div>\r\n                <\/div>\r\n                <!-- Post item end -->\r\n            <\/div><!-- .row -->\r\n            <div class=\"clearfix\"><\/div> <br>\r\n        <\/div>\r\n    <\/div>\r\n<\/section>\r\n<div class=\"clearfix\"><\/div>\r\n\r\n<div class=\"col-md-12 nopadding\" style=\"padding: 50px 0!important;\">\r\n    <div class=\"container\">\r\n        <div class=\"col-md-6\">\r\n            <p class=\"SubSolucionesDesc\">\r\n\r\nLa investigaci\u00f3n mapea y dimensiona cada espacio, cuantifica el valor y pone de relieve los White Spaces o espacios de oportunidad a explotar. Los espacios de demanda identificados pueden cruzarse con una segmentaci\u00f3n de clientes para detectar targets prioritarios y las soluciones que mejor encajan en cada espacio.<br><br>\r\nEl resultado es una gu\u00eda clara para tu marca y tu organizaci\u00f3n que acelera la demanda y desbloquea un crecimiento sostenible: \u00e1reas clave de oportunidad, roles para la actual  cartera de productos y arquitectura de marca e identificaci\u00f3n de espacios para innovaci\u00f3n.\r\n\r\n <\/p>\r\n\r\n        <\/div>\r\n        <div class=\"col-md-6 \">\r\n            <p class=\"SubSolucionesFrase1 textCenter\">\r\n\r\nLos Espacios de Demanda o Demand Spaces definen qu\u00e9 eligen los consumidores y por qu\u00e9, combinando la ocasi\u00f3n, la needstate y los drivers de compra.\r\n\r\n<\/p><p style=\"display:none\">demand spaces, whitespace, opportunity space, product portfolio, Brand architecture, needstate, innovation<\/p>\r\n        <\/div>\r\n    <\/div>\r\n<\/div>\r\n","protected":false},"excerpt":{"rendered":"<p>Demand Spaces Mapeamos cu\u00e1ndo, d\u00f3nde y por qu\u00e9 compran los consumidores descubriendo espacios sin explotar y oportunidades de crecimiento para tu marca\u200b La investigaci\u00f3n mapea y dimensiona cada espacio, cuantifica el valor y pone de relieve los White Spaces o espacios de oportunidad a explotar. Los espacios de demanda identificados pueden cruzarse con una segmentaci\u00f3n&hellip; <a class=\"more-link\" href=\"https:\/\/salvettillombart.com\/es\/soluciones\/demand-spaces\/\">Seguir leyendo <span class=\"screen-reader-text\">Demand Spaces<\/span><\/a><\/p>\n","protected":false},"author":1,"featured_media":779,"parent":385,"menu_order":0,"comment_status":"closed","ping_status":"closed","template":"","meta":{"footnotes":""},"class_list":["post-975","page","type-page","status-publish","has-post-thumbnail","hentry","entry"],"yoast_head":"<!-- This site is optimized with the Yoast SEO plugin v26.0 - https:\/\/yoast.com\/wordpress\/plugins\/seo\/ -->\n<title>Demand Spaces - Salvetti Llombart<\/title>\n<meta name=\"robots\" content=\"index, follow, max-snippet:-1, max-image-preview:large, max-video-preview:-1\" \/>\n<link rel=\"canonical\" href=\"https:\/\/salvettillombart.com\/es\/soluciones\/demand-spaces\/\" \/>\n<meta property=\"og:locale\" content=\"es_ES\" \/>\n<meta property=\"og:type\" content=\"article\" \/>\n<meta property=\"og:title\" content=\"Demand Spaces - Salvetti Llombart\" \/>\n<meta property=\"og:description\" content=\"Demand Spaces Mapeamos cu\u00e1ndo, d\u00f3nde y por qu\u00e9 compran los consumidores descubriendo espacios sin explotar y oportunidades de crecimiento para tu marca\u200b La investigaci\u00f3n mapea y dimensiona cada espacio, cuantifica el valor y pone de relieve los White Spaces o espacios de oportunidad a explotar. Los espacios de demanda identificados pueden cruzarse con una segmentaci\u00f3n&hellip; Seguir leyendo Demand Spaces\" \/>\n<meta property=\"og:url\" content=\"https:\/\/salvettillombart.com\/es\/soluciones\/demand-spaces\/\" \/>\n<meta property=\"og:site_name\" content=\"Salvetti Llombart\" \/>\n<meta property=\"article:publisher\" content=\"https:\/\/www.linkedin.com\/company\/salvetti%26llombart\" \/>\n<meta property=\"og:image\" content=\"https:\/\/salvettillombart.com\/wp-content\/uploads\/2025\/10\/12-Demand-Spaces-.jpg\" \/>\n\t<meta property=\"og:image:width\" content=\"2500\" \/>\n\t<meta property=\"og:image:height\" content=\"1638\" \/>\n\t<meta property=\"og:image:type\" content=\"image\/jpeg\" \/>\n<meta name=\"twitter:card\" content=\"summary_large_image\" \/>\n<script type=\"application\/ld+json\" class=\"yoast-schema-graph\">{\"@context\":\"https:\/\/schema.org\",\"@graph\":[{\"@type\":\"WebPage\",\"@id\":\"https:\/\/salvettillombart.com\/es\/soluciones\/demand-spaces\/\",\"url\":\"https:\/\/salvettillombart.com\/es\/soluciones\/demand-spaces\/\",\"name\":\"Demand Spaces - Salvetti Llombart\",\"isPartOf\":{\"@id\":\"https:\/\/salvettillombart.com\/es\/#website\"},\"primaryImageOfPage\":{\"@id\":\"https:\/\/salvettillombart.com\/es\/soluciones\/demand-spaces\/#primaryimage\"},\"image\":{\"@id\":\"https:\/\/salvettillombart.com\/es\/soluciones\/demand-spaces\/#primaryimage\"},\"thumbnailUrl\":\"https:\/\/salvettillombart.com\/wp-content\/uploads\/2025\/10\/12-Demand-Spaces-.jpg\",\"datePublished\":\"2025-10-03T19:04:17+00:00\",\"breadcrumb\":{\"@id\":\"https:\/\/salvettillombart.com\/es\/soluciones\/demand-spaces\/#breadcrumb\"},\"inLanguage\":\"es\",\"potentialAction\":[{\"@type\":\"ReadAction\",\"target\":[\"https:\/\/salvettillombart.com\/es\/soluciones\/demand-spaces\/\"]}]},{\"@type\":\"ImageObject\",\"inLanguage\":\"es\",\"@id\":\"https:\/\/salvettillombart.com\/es\/soluciones\/demand-spaces\/#primaryimage\",\"url\":\"https:\/\/salvettillombart.com\/wp-content\/uploads\/2025\/10\/12-Demand-Spaces-.jpg\",\"contentUrl\":\"https:\/\/salvettillombart.com\/wp-content\/uploads\/2025\/10\/12-Demand-Spaces-.jpg\",\"width\":2500,\"height\":1638},{\"@type\":\"BreadcrumbList\",\"@id\":\"https:\/\/salvettillombart.com\/es\/soluciones\/demand-spaces\/#breadcrumb\",\"itemListElement\":[{\"@type\":\"ListItem\",\"position\":1,\"name\":\"Home\",\"item\":\"https:\/\/salvettillombart.com\/es\/\"},{\"@type\":\"ListItem\",\"position\":2,\"name\":\"Soluciones\",\"item\":\"https:\/\/salvettillombart.com\/es\/soluciones\/\"},{\"@type\":\"ListItem\",\"position\":3,\"name\":\"Demand Spaces\"}]},{\"@type\":\"WebSite\",\"@id\":\"https:\/\/salvettillombart.com\/es\/#website\",\"url\":\"https:\/\/salvettillombart.com\/es\/\",\"name\":\"Salvetti Llombart\",\"description\":\"Inspiring changes\",\"publisher\":{\"@id\":\"https:\/\/salvettillombart.com\/es\/#organization\"},\"potentialAction\":[{\"@type\":\"SearchAction\",\"target\":{\"@type\":\"EntryPoint\",\"urlTemplate\":\"https:\/\/salvettillombart.com\/es\/?s={search_term_string}\"},\"query-input\":{\"@type\":\"PropertyValueSpecification\",\"valueRequired\":true,\"valueName\":\"search_term_string\"}}],\"inLanguage\":\"es\"},{\"@type\":\"Organization\",\"@id\":\"https:\/\/salvettillombart.com\/es\/#organization\",\"name\":\"Salvetti Llombart\",\"url\":\"https:\/\/salvettillombart.com\/es\/\",\"logo\":{\"@type\":\"ImageObject\",\"inLanguage\":\"es\",\"@id\":\"https:\/\/salvettillombart.com\/es\/#\/schema\/logo\/image\/\",\"url\":\"https:\/\/salvettillombart.com\/wp-content\/uploads\/2025\/09\/logo-salvetti.png\",\"contentUrl\":\"https:\/\/salvettillombart.com\/wp-content\/uploads\/2025\/09\/logo-salvetti.png\",\"width\":516,\"height\":125,\"caption\":\"Salvetti Llombart\"},\"image\":{\"@id\":\"https:\/\/salvettillombart.com\/es\/#\/schema\/logo\/image\/\"},\"sameAs\":[\"https:\/\/www.linkedin.com\/company\/salvetti&llombart\"]}]}<\/script>\n<!-- \/ Yoast SEO plugin. -->","yoast_head_json":{"title":"Demand Spaces - Salvetti Llombart","robots":{"index":"index","follow":"follow","max-snippet":"max-snippet:-1","max-image-preview":"max-image-preview:large","max-video-preview":"max-video-preview:-1"},"canonical":"https:\/\/salvettillombart.com\/es\/soluciones\/demand-spaces\/","og_locale":"es_ES","og_type":"article","og_title":"Demand Spaces - Salvetti Llombart","og_description":"Demand Spaces Mapeamos cu\u00e1ndo, d\u00f3nde y por qu\u00e9 compran los consumidores descubriendo espacios sin explotar y oportunidades de crecimiento para tu marca\u200b La investigaci\u00f3n mapea y dimensiona cada espacio, cuantifica el valor y pone de relieve los White Spaces o espacios de oportunidad a explotar. Los espacios de demanda identificados pueden cruzarse con una segmentaci\u00f3n&hellip; Seguir leyendo Demand Spaces","og_url":"https:\/\/salvettillombart.com\/es\/soluciones\/demand-spaces\/","og_site_name":"Salvetti Llombart","article_publisher":"https:\/\/www.linkedin.com\/company\/salvetti%26llombart","og_image":[{"width":2500,"height":1638,"url":"https:\/\/salvettillombart.com\/wp-content\/uploads\/2025\/10\/12-Demand-Spaces-.jpg","type":"image\/jpeg"}],"twitter_card":"summary_large_image","schema":{"@context":"https:\/\/schema.org","@graph":[{"@type":"WebPage","@id":"https:\/\/salvettillombart.com\/es\/soluciones\/demand-spaces\/","url":"https:\/\/salvettillombart.com\/es\/soluciones\/demand-spaces\/","name":"Demand Spaces - Salvetti Llombart","isPartOf":{"@id":"https:\/\/salvettillombart.com\/es\/#website"},"primaryImageOfPage":{"@id":"https:\/\/salvettillombart.com\/es\/soluciones\/demand-spaces\/#primaryimage"},"image":{"@id":"https:\/\/salvettillombart.com\/es\/soluciones\/demand-spaces\/#primaryimage"},"thumbnailUrl":"https:\/\/salvettillombart.com\/wp-content\/uploads\/2025\/10\/12-Demand-Spaces-.jpg","datePublished":"2025-10-03T19:04:17+00:00","breadcrumb":{"@id":"https:\/\/salvettillombart.com\/es\/soluciones\/demand-spaces\/#breadcrumb"},"inLanguage":"es","potentialAction":[{"@type":"ReadAction","target":["https:\/\/salvettillombart.com\/es\/soluciones\/demand-spaces\/"]}]},{"@type":"ImageObject","inLanguage":"es","@id":"https:\/\/salvettillombart.com\/es\/soluciones\/demand-spaces\/#primaryimage","url":"https:\/\/salvettillombart.com\/wp-content\/uploads\/2025\/10\/12-Demand-Spaces-.jpg","contentUrl":"https:\/\/salvettillombart.com\/wp-content\/uploads\/2025\/10\/12-Demand-Spaces-.jpg","width":2500,"height":1638},{"@type":"BreadcrumbList","@id":"https:\/\/salvettillombart.com\/es\/soluciones\/demand-spaces\/#breadcrumb","itemListElement":[{"@type":"ListItem","position":1,"name":"Home","item":"https:\/\/salvettillombart.com\/es\/"},{"@type":"ListItem","position":2,"name":"Soluciones","item":"https:\/\/salvettillombart.com\/es\/soluciones\/"},{"@type":"ListItem","position":3,"name":"Demand Spaces"}]},{"@type":"WebSite","@id":"https:\/\/salvettillombart.com\/es\/#website","url":"https:\/\/salvettillombart.com\/es\/","name":"Salvetti Llombart","description":"Inspiring changes","publisher":{"@id":"https:\/\/salvettillombart.com\/es\/#organization"},"potentialAction":[{"@type":"SearchAction","target":{"@type":"EntryPoint","urlTemplate":"https:\/\/salvettillombart.com\/es\/?s={search_term_string}"},"query-input":{"@type":"PropertyValueSpecification","valueRequired":true,"valueName":"search_term_string"}}],"inLanguage":"es"},{"@type":"Organization","@id":"https:\/\/salvettillombart.com\/es\/#organization","name":"Salvetti Llombart","url":"https:\/\/salvettillombart.com\/es\/","logo":{"@type":"ImageObject","inLanguage":"es","@id":"https:\/\/salvettillombart.com\/es\/#\/schema\/logo\/image\/","url":"https:\/\/salvettillombart.com\/wp-content\/uploads\/2025\/09\/logo-salvetti.png","contentUrl":"https:\/\/salvettillombart.com\/wp-content\/uploads\/2025\/09\/logo-salvetti.png","width":516,"height":125,"caption":"Salvetti Llombart"},"image":{"@id":"https:\/\/salvettillombart.com\/es\/#\/schema\/logo\/image\/"},"sameAs":["https:\/\/www.linkedin.com\/company\/salvetti&llombart"]}]}},"_links":{"self":[{"href":"https:\/\/salvettillombart.com\/es\/wp-json\/wp\/v2\/pages\/975","targetHints":{"allow":["GET"]}}],"collection":[{"href":"https:\/\/salvettillombart.com\/es\/wp-json\/wp\/v2\/pages"}],"about":[{"href":"https:\/\/salvettillombart.com\/es\/wp-json\/wp\/v2\/types\/page"}],"author":[{"embeddable":true,"href":"https:\/\/salvettillombart.com\/es\/wp-json\/wp\/v2\/users\/1"}],"replies":[{"embeddable":true,"href":"https:\/\/salvettillombart.com\/es\/wp-json\/wp\/v2\/comments?post=975"}],"version-history":[{"count":1,"href":"https:\/\/salvettillombart.com\/es\/wp-json\/wp\/v2\/pages\/975\/revisions"}],"predecessor-version":[{"id":976,"href":"https:\/\/salvettillombart.com\/es\/wp-json\/wp\/v2\/pages\/975\/revisions\/976"}],"up":[{"embeddable":true,"href":"https:\/\/salvettillombart.com\/es\/wp-json\/wp\/v2\/pages\/385"}],"wp:featuredmedia":[{"embeddable":true,"href":"https:\/\/salvettillombart.com\/es\/wp-json\/wp\/v2\/media\/779"}],"wp:attachment":[{"href":"https:\/\/salvettillombart.com\/es\/wp-json\/wp\/v2\/media?parent=975"}],"curies":[{"name":"wp","href":"https:\/\/api.w.org\/{rel}","templated":true}]}}